{"id":566,"date":"2026-04-19T23:03:08","date_gmt":"2026-04-19T21:03:08","guid":{"rendered":"https:\/\/anioriteam.hu\/blog\/?page_id=566"},"modified":"2026-04-19T23:03:26","modified_gmt":"2026-04-19T21:03:26","slug":"oriflame-katalogus","status":"publish","type":"page","link":"https:\/\/anioriteam.hu\/blog\/oriflame-katalogus\/","title":{"rendered":"Oriflame katal\u00f3gus &#8211; aktu\u00e1lis"},"content":{"rendered":"<div dir=\"auto\"><strong>Oriflame Katal\u00f3gus 2026<\/strong><\/div>\n<div dir=\"auto\"><\/div>\n<h2 dir=\"auto\">Oriflame aktu\u00e1lis katal\u00f3gus &#8211; katal\u00f3gus kiadv\u00e1nyok<\/h2>\n<div dir=\"auto\" style=\"text-align: justify;\"><img loading=\"lazy\" decoding=\"async\" class=\"wp-image-4920 size-thumbnail alignleft\" src=\"https:\/\/anioriteam.hu\/blog\/wp-content\/uploads\/2026\/03\/6-os-katalogus-150x150.jpeg\" alt=\"Oriflame katalogus\" width=\"150\" height=\"150\" srcset=\"https:\/\/anioriteam.hu\/blog\/wp-content\/uploads\/2026\/03\/6-os-katalogus-150x150.jpeg 150w, https:\/\/anioriteam.hu\/blog\/wp-content\/uploads\/2026\/03\/6-os-katalogus-100x100.jpeg 100w\" sizes=\"auto, (max-width: 150px) 100vw, 150px\" \/><\/div>\n<div dir=\"auto\" style=\"text-align: justify;\">Itt tal\u00e1lhat\u00f3 az Oriflame leg\u00fajabb, aktu\u00e1lis katal\u00f3gusa, amely 2026. jan.21. &#8211; febr.11. k\u00f6z\u00f6tt \u00e9rv\u00e9nyes. A katal\u00f3gus tartalmazza az \u00f6sszes el\u00e9rhet\u0151 term\u00e9ket \u00e9s akci\u00f3t, \u00edgy mindent megtal\u00e1l, amire sz\u00fcks\u00e9ge lehet. A katal\u00f3gus megtekint\u00e9se ut\u00e1n egyszer\u0171en helyezze a k\u00edv\u00e1nt term\u00e9keket a kos\u00e1rba, majd k\u00f6vesse a regisztr\u00e1ci\u00f3s folyamatot. Regisztr\u00e1ci\u00f3 ut\u00e1n azonnal t\u00f6rzsv\u00e1s\u00e1rl\u00f3i tags\u00e1got kap, amely 15% kedvezm\u00e9nyt biztos\u00edt. Ha 20% kedvezm\u00e9nyt szeretne, lehet\u0151s\u00e9g van Brand Partnerk\u00e9nt regisztr\u00e1lni, amelyhez tags\u00e1gi d\u00edj is tartozik. <span style=\"color: #339966;\"><strong><em>Ir\u00e1ny a katal\u00f3gus<\/em><\/strong><\/span> \u21d2 <strong><a href=\"https:\/\/hu.oriflame.com\/products\/digital-catalogue-current?store=HU-anioribeauty\" target=\"_blank\" rel=\"noopener\">Aktu\u00e1lis katal\u00f3gus<\/a><\/strong><\/div>\n<div dir=\"auto\"><\/div>\n<h2 dir=\"auto\">Wellosophy \u00e9trendkieg\u00e9sz\u00edt\u0151k katal\u00f3gusa<\/h2>\n<div dir=\"auto\"><img loading=\"lazy\" decoding=\"async\" class=\" wp-image-3841 alignleft\" src=\"https:\/\/anioriteam.hu\/blog\/wp-content\/uploads\/2024\/08\/wellosophy.jpg\" alt=\"Wellosophy \u00e9trendkieg\u00e9sz\u00edt\u0151 term\u00e9kek\" width=\"211\" height=\"220\" \/><\/div>\n<div dir=\"auto\" style=\"text-align: justify;\">Ez a katal\u00f3gus az Oriflame Wellosophy m\u00e1rk\u00e1j\u00e1nak meg\u00fajult \u00e9trendkieg\u00e9sz\u00edt\u0151it tartalmazza. A term\u00e9kek k\u00f6zvetlen\u00fcl ebb\u0151l a kiadv\u00e1nyb\u00f3l nem rendelhet\u0151k, de a term\u00e9kk\u00f3dok alapj\u00e1n a kos\u00e1rba helyezhet\u0151k, illetve benne vannak az aktu\u00e1lis katal\u00f3gusban, l\u00e1sd legfel\u00fcl. Ez a katal\u00f3gus, egy term\u00e9kkalauz, mely seg\u00edt eligazodni az eg\u00e9szs\u00e9ges \u00e9letm\u00f3dhoz sz\u00fcks\u00e9ges kieg\u00e9sz\u00edt\u0151k vil\u00e1g\u00e1ban.<\/div>\n<div dir=\"auto\"><strong><em><span style=\"color: #339966;\">Ir\u00e1ny a katal\u00f3gus<\/span><\/em><\/strong> \u21d2<strong>\u00a0<a href=\"https:\/\/hu.oriflame.com\/catalogue?cataloguecode=Wellosophy%2F2024-wellosophy-guide-195&amp;store=HU-anioribeauty\" target=\"_blank\" rel=\"noopener\">Wellosophy \u00e9trendkieg\u00e9sz\u00edt\u0151k<\/a><\/strong><\/div>\n<div dir=\"auto\"><\/div>\n<h2 dir=\"auto\">NovAge professzion\u00e1lis arc\u00e1pol\u00f3 csal\u00e1d katal\u00f3gus<\/h2>\n<div dir=\"auto\"><img loading=\"lazy\" decoding=\"async\" class=\"size-full wp-image-3842 alignleft\" src=\"https:\/\/anioriteam.hu\/blog\/wp-content\/uploads\/2024\/08\/Novage.jpg\" alt=\"Novage arc\u00e1pol\u00f3 term\u00e9kek\" width=\"198\" height=\"199\" srcset=\"https:\/\/anioriteam.hu\/blog\/wp-content\/uploads\/2024\/08\/Novage.jpg 198w, https:\/\/anioriteam.hu\/blog\/wp-content\/uploads\/2024\/08\/Novage-150x150.jpg 150w, https:\/\/anioriteam.hu\/blog\/wp-content\/uploads\/2024\/08\/Novage-100x100.jpg 100w\" sizes=\"auto, (max-width: 198px) 100vw, 198px\" \/><\/div>\n<div dir=\"auto\" style=\"text-align: justify;\">A NovAge katal\u00f3gus az Oriflame pr\u00e9mium, professzion\u00e1lis arc\u00e1pol\u00f3 term\u00e9keit mutatja be, amelyek a leg\u00fajabb b\u0151rfiatal\u00edt\u00f3 technol\u00f3gi\u00e1kat tartalmazz\u00e1k. Ezeket a term\u00e9keket azoknak aj\u00e1nljuk, akik komolyan veszik b\u0151r\u00e1pol\u00e1sukat \u00e9s professzion\u00e1lis eredm\u00e9nyeket szeretn\u00e9nek el\u00e9rni. A term\u00e9kek, a k\u00f3djaikra r\u00e1keresve rendelhet\u0151ek az oldalon. Illetve az arc\u00e1pol\u00f3k \u00e9s szettjeik benne vannak az aktu\u00e1lis katal\u00f3gusban, \u00e9s onnan k\u00f6zvetlen\u00fcl a kos\u00e1rba tehet\u0151k.<\/div>\n<div dir=\"auto\"><span style=\"color: #339966;\"><strong><em>Ir\u00e1ny a term\u00e9kkalauz<\/em><\/strong><\/span> \u21d2<strong><a href=\"https:\/\/hu-catalogue.oriflame.com\/oriflame\/hu\/ooc\/novage1\/2023-novage-598\/?page=12&amp;_gl=1%2An6wmhr%2A_hu_ga%2ANjkyNzYyMDg0LjE3MjMzNzAzNTk.%2A_hu_ga_BM2M3BFJHS%2AMTcyMzQwNjMwNC42LjEuMTcyMzQwNjc0Ny4wLjAuMA..\" target=\"_blank\" rel=\"noopener\">NovAge+ arc\u00e1pol\u00f3k<\/a><\/strong><\/div>\n<div dir=\"auto\"><\/div>\n<h3 dir=\"auto\"><strong><span style=\"color: #808080;\">Fontos tudnival\u00f3k<\/span><\/strong><\/h3>\n<div dir=\"auto\" style=\"text-align: justify;\">Miut\u00e1n a term\u00e9keket a kos\u00e1rba tette, a rendszer regisztr\u00e1ci\u00f3t k\u00e9r, amely teljesen ingyenes, \u00e9s azonnal t\u00f6rzsv\u00e1s\u00e1rl\u00f3i tags\u00e1got biztos\u00edt, 15% kedvezm\u00e9nnyel.\u00a0 Els\u0151 rendel\u00e9s\u00e9n\u00e9l kap m\u00e9g extra 15% j\u00f3v\u00e1\u00edr\u00e1st, melyet a k\u00f6vetkez\u0151 v\u00e1s\u00e1rl\u00e1sn\u00e1l felhaszn\u00e1lhat. Ha m\u00e9g t\u00f6bb kedvezm\u00e9nyt szeretne (20%), akkor Brand Partnerk\u00e9nt is regisztr\u00e1lhat, ennek d\u00edja van, cser\u00e9be hozz\u00e1f\u00e9rhet az \u00fczleti eszk\u00f6z\u00f6kh\u00f6z \u00e9s\u00a0 programokhoz. Term\u00e9szetesen ezt k\u00e9s\u0151bb is eld\u00f6ntheti, teh\u00e1t azonnal ingyen regisztr\u00e1lhat,\u00a0 \u00e9s ha tetszik , akkor m\u00f3dos\u00edthatja.<\/div>\n<div dir=\"auto\">\n<hr \/>\n<\/div>\n<div dir=\"auto\"><\/div>\n<div dir=\"auto\"><strong>K\u00e9rd\u00e9sed van? <\/strong><\/div>\n<div dir=\"auto\">Vedd fel velem a kapcsolatot<\/div>\n<div dir=\"auto\">\u21d2 <a href=\"https:\/\/anioriteam.hu\/blog\/kapcsolat-oriflame\/\" target=\"_blank\" rel=\"noopener\">Gyura Anik\u00f3 Aniori-Team Oriflame Brand Partner<\/a><\/div>\n","protected":false},"excerpt":{"rendered":"<p>Oriflame Katal\u00f3gus 2026 Oriflame aktu\u00e1lis katal\u00f3gus &#8211; katal\u00f3gus kiadv\u00e1nyok Itt tal\u00e1lhat\u00f3 az Oriflame leg\u00fajabb, aktu\u00e1lis katal\u00f3gusa, amely 2026. jan.21. &#8211; febr.11. k\u00f6z\u00f6tt \u00e9rv\u00e9nyes. A katal\u00f3gus tartalmazza az \u00f6sszes el\u00e9rhet\u0151 term\u00e9ket \u00e9s akci\u00f3t, \u00edgy mindent megtal\u00e1l, amire sz\u00fcks\u00e9ge lehet. A katal\u00f3gus megtekint\u00e9se ut\u00e1n egyszer\u0171en helyezze a k\u00edv\u00e1nt term\u00e9keket a kos\u00e1rba, majd k\u00f6vesse a regisztr\u00e1ci\u00f3s folyamatot. Regisztr\u00e1ci\u00f3 &hellip; <\/p>\n<p class=\"link-more\"><a href=\"https:\/\/anioriteam.hu\/blog\/oriflame-katalogus\/\" class=\"more-link\"><span class=\"screen-reader-text\">&#8222;Oriflame katal\u00f3gus &#8211; aktu\u00e1lis&#8221;<\/span> b\u0151vebben<\/a><\/p>\n","protected":false},"author":1,"featured_media":0,"parent":0,"menu_order":0,"comment_status":"closed","ping_status":"closed","template":"","meta":{"footnotes":""},"class_list":["post-566","page","type-page","status-publish","hentry"],"yoast_head":"<!-- This site is optimized with the Yoast SEO plugin v27.4 - https:\/\/yoast.com\/product\/yoast-seo-wordpress\/ -->\n<title>Oriflame katal\u00f3gus - aktu\u00e1lis \u00e9rv\u00e9nyes - Oriflame blog<\/title>\n<meta name=\"description\" content=\"Oriflame katal\u00f3gus - Itt tal\u00e1lhat\u00f3 az Oriflame aktu\u00e1lis katal\u00f3gus - A katal\u00f3gus megtekint\u00e9s k\u00f6zben m\u00e1r elkezdheti a v\u00e1s\u00e1rl\u00e1st...\" \/>\n<meta name=\"robots\" content=\"index, follow, max-snippet:-1, max-image-preview:large, max-video-preview:-1\" \/>\n<link rel=\"canonical\" href=\"https:\/\/anioriteam.hu\/blog\/oriflame-katalogus\/\" \/>\n<meta property=\"og:locale\" content=\"hu_HU\" \/>\n<meta property=\"og:type\" content=\"article\" \/>\n<meta property=\"og:title\" content=\"Oriflame katal\u00f3gus - aktu\u00e1lis \u00e9rv\u00e9nyes - Oriflame blog\" \/>\n<meta property=\"og:description\" content=\"Rendelj min. 20% kedvezm\u00e9nnyel az Oriflame katal\u00f3gus term\u00e9keib\u0151l. Regisztr\u00e1lj m\u00e9g ma klubtags\u00e1god \u00e9s els\u0151 rendel\u00e9sed mell\u00e9 szerezd meg a t\u00f6rzsv\u00e1s\u00e1rl\u00f3k aj\u00e1nd\u00e9kokat!\" \/>\n<meta property=\"og:url\" content=\"https:\/\/anioriteam.hu\/blog\/oriflame-katalogus\/\" \/>\n<meta property=\"og:site_name\" content=\"Oriflame Blog - anioriteam.hu - sz\u00e9ps\u00e9g, inspir\u00e1ci\u00f3 \u00e9s tan\u00e1csok\" \/>\n<meta property=\"article:publisher\" content=\"https:\/\/facebook.com\/aniori\" \/>\n<meta property=\"article:modified_time\" content=\"2026-04-19T21:03:26+00:00\" \/>\n<meta property=\"og:image\" content=\"https:\/\/anioriteam.hu\/blog\/wp-content\/uploads\/2026\/03\/6-os-katalogus.jpeg\" \/>\n\t<meta property=\"og:image:width\" content=\"390\" \/>\n\t<meta property=\"og:image:height\" content=\"556\" \/>\n\t<meta property=\"og:image:type\" content=\"image\/jpeg\" \/>\n<meta name=\"twitter:card\" content=\"summary_large_image\" \/>\n<meta name=\"twitter:label1\" content=\"Becs\u00fclt olvas\u00e1si id\u0151\" \/>\n\t<meta name=\"twitter:data1\" content=\"3 perc\" \/>\n<script type=\"application\/ld+json\" class=\"yoast-schema-graph\">{\"@context\":\"https:\\\/\\\/schema.org\",\"@graph\":[{\"@type\":\"WebPage\",\"@id\":\"https:\\\/\\\/anioriteam.hu\\\/blog\\\/oriflame-katalogus\\\/\",\"url\":\"https:\\\/\\\/anioriteam.hu\\\/blog\\\/oriflame-katalogus\\\/\",\"name\":\"Oriflame katal\u00f3gus - aktu\u00e1lis \u00e9rv\u00e9nyes - Oriflame blog\",\"isPartOf\":{\"@id\":\"https:\\\/\\\/anioriteam.hu\\\/blog\\\/#website\"},\"primaryImageOfPage\":{\"@id\":\"https:\\\/\\\/anioriteam.hu\\\/blog\\\/oriflame-katalogus\\\/#primaryimage\"},\"image\":{\"@id\":\"https:\\\/\\\/anioriteam.hu\\\/blog\\\/oriflame-katalogus\\\/#primaryimage\"},\"thumbnailUrl\":\"https:\\\/\\\/anioriteam.hu\\\/blog\\\/wp-content\\\/uploads\\\/2026\\\/03\\\/6-os-katalogus-150x150.jpeg\",\"datePublished\":\"2026-04-19T21:03:08+00:00\",\"dateModified\":\"2026-04-19T21:03:26+00:00\",\"description\":\"Oriflame katal\u00f3gus - Itt tal\u00e1lhat\u00f3 az Oriflame aktu\u00e1lis katal\u00f3gus - A katal\u00f3gus megtekint\u00e9s k\u00f6zben m\u00e1r elkezdheti a v\u00e1s\u00e1rl\u00e1st...\",\"breadcrumb\":{\"@id\":\"https:\\\/\\\/anioriteam.hu\\\/blog\\\/oriflame-katalogus\\\/#breadcrumb\"},\"inLanguage\":\"hu\",\"potentialAction\":[{\"@type\":\"ReadAction\",\"target\":[\"https:\\\/\\\/anioriteam.hu\\\/blog\\\/oriflame-katalogus\\\/\"]}]},{\"@type\":\"ImageObject\",\"inLanguage\":\"hu\",\"@id\":\"https:\\\/\\\/anioriteam.hu\\\/blog\\\/oriflame-katalogus\\\/#primaryimage\",\"url\":\"https:\\\/\\\/anioriteam.hu\\\/blog\\\/wp-content\\\/uploads\\\/2026\\\/03\\\/6-os-katalogus.jpeg\",\"contentUrl\":\"https:\\\/\\\/anioriteam.hu\\\/blog\\\/wp-content\\\/uploads\\\/2026\\\/03\\\/6-os-katalogus.jpeg\",\"width\":390,\"height\":556,\"caption\":\"Oriflame katalogus\"},{\"@type\":\"BreadcrumbList\",\"@id\":\"https:\\\/\\\/anioriteam.hu\\\/blog\\\/oriflame-katalogus\\\/#breadcrumb\",\"itemListElement\":[{\"@type\":\"ListItem\",\"position\":1,\"name\":\"Home\",\"item\":\"https:\\\/\\\/anioriteam.hu\\\/blog\\\/\"},{\"@type\":\"ListItem\",\"position\":2,\"name\":\"Oriflame katal\u00f3gus &#8211; aktu\u00e1lis\"}]},{\"@type\":\"WebSite\",\"@id\":\"https:\\\/\\\/anioriteam.hu\\\/blog\\\/#website\",\"url\":\"https:\\\/\\\/anioriteam.hu\\\/blog\\\/\",\"name\":\"Oriflame Blog\",\"description\":\"Fedezd fel az Aniori Team Oriflame blogj\u00e1t! Sz\u00e9ps\u00e9gtippek, term\u00e9kaj\u00e1nl\u00f3k, \u00fajdons\u00e1gok \u00e9s hasznos tan\u00e1csok az Oriflame vil\u00e1g\u00e1b\u00f3l - hiteles forr\u00e1sb\u00f3l  naprak\u00e9szen.\",\"publisher\":{\"@id\":\"https:\\\/\\\/anioriteam.hu\\\/blog\\\/#organization\"},\"potentialAction\":[{\"@type\":\"SearchAction\",\"target\":{\"@type\":\"EntryPoint\",\"urlTemplate\":\"https:\\\/\\\/anioriteam.hu\\\/blog\\\/?s={search_term_string}\"},\"query-input\":{\"@type\":\"PropertyValueSpecification\",\"valueRequired\":true,\"valueName\":\"search_term_string\"}}],\"inLanguage\":\"hu\"},{\"@type\":\"Organization\",\"@id\":\"https:\\\/\\\/anioriteam.hu\\\/blog\\\/#organization\",\"name\":\"Aniori Team\",\"url\":\"https:\\\/\\\/anioriteam.hu\\\/blog\\\/\",\"logo\":{\"@type\":\"ImageObject\",\"inLanguage\":\"hu\",\"@id\":\"https:\\\/\\\/anioriteam.hu\\\/blog\\\/#\\\/schema\\\/logo\\\/image\\\/\",\"url\":\"https:\\\/\\\/anioriteam.hu\\\/blog\\\/wp-content\\\/uploads\\\/2017\\\/12\\\/logo.png\",\"contentUrl\":\"https:\\\/\\\/anioriteam.hu\\\/blog\\\/wp-content\\\/uploads\\\/2017\\\/12\\\/logo.png\",\"width\":205,\"height\":100,\"caption\":\"Aniori Team\"},\"image\":{\"@id\":\"https:\\\/\\\/anioriteam.hu\\\/blog\\\/#\\\/schema\\\/logo\\\/image\\\/\"},\"sameAs\":[\"https:\\\/\\\/facebook.com\\\/aniori\",\"https:\\\/\\\/instagram.com\\\/anioribeauty\",\"https:\\\/\\\/pinterest.com\\\/anioribeauty\"]}]}<\/script>\n<!-- \/ Yoast SEO plugin. -->","yoast_head_json":{"title":"Oriflame katal\u00f3gus - aktu\u00e1lis \u00e9rv\u00e9nyes - Oriflame blog","description":"Oriflame katal\u00f3gus - Itt tal\u00e1lhat\u00f3 az Oriflame aktu\u00e1lis katal\u00f3gus - A katal\u00f3gus megtekint\u00e9s k\u00f6zben m\u00e1r elkezdheti a v\u00e1s\u00e1rl\u00e1st...","robots":{"index":"index","follow":"follow","max-snippet":"max-snippet:-1","max-image-preview":"max-image-preview:large","max-video-preview":"max-video-preview:-1"},"canonical":"https:\/\/anioriteam.hu\/blog\/oriflame-katalogus\/","og_locale":"hu_HU","og_type":"article","og_title":"Oriflame katal\u00f3gus - aktu\u00e1lis \u00e9rv\u00e9nyes - Oriflame blog","og_description":"Rendelj min. 20% kedvezm\u00e9nnyel az Oriflame katal\u00f3gus term\u00e9keib\u0151l. Regisztr\u00e1lj m\u00e9g ma klubtags\u00e1god \u00e9s els\u0151 rendel\u00e9sed mell\u00e9 szerezd meg a t\u00f6rzsv\u00e1s\u00e1rl\u00f3k aj\u00e1nd\u00e9kokat!","og_url":"https:\/\/anioriteam.hu\/blog\/oriflame-katalogus\/","og_site_name":"Oriflame Blog - anioriteam.hu - sz\u00e9ps\u00e9g, inspir\u00e1ci\u00f3 \u00e9s tan\u00e1csok","article_publisher":"https:\/\/facebook.com\/aniori","article_modified_time":"2026-04-19T21:03:26+00:00","og_image":[{"width":390,"height":556,"url":"https:\/\/anioriteam.hu\/blog\/wp-content\/uploads\/2026\/03\/6-os-katalogus.jpeg","type":"image\/jpeg"}],"twitter_card":"summary_large_image","twitter_misc":{"Becs\u00fclt olvas\u00e1si id\u0151":"3 perc"},"schema":{"@context":"https:\/\/schema.org","@graph":[{"@type":"WebPage","@id":"https:\/\/anioriteam.hu\/blog\/oriflame-katalogus\/","url":"https:\/\/anioriteam.hu\/blog\/oriflame-katalogus\/","name":"Oriflame katal\u00f3gus - aktu\u00e1lis \u00e9rv\u00e9nyes - Oriflame blog","isPartOf":{"@id":"https:\/\/anioriteam.hu\/blog\/#website"},"primaryImageOfPage":{"@id":"https:\/\/anioriteam.hu\/blog\/oriflame-katalogus\/#primaryimage"},"image":{"@id":"https:\/\/anioriteam.hu\/blog\/oriflame-katalogus\/#primaryimage"},"thumbnailUrl":"https:\/\/anioriteam.hu\/blog\/wp-content\/uploads\/2026\/03\/6-os-katalogus-150x150.jpeg","datePublished":"2026-04-19T21:03:08+00:00","dateModified":"2026-04-19T21:03:26+00:00","description":"Oriflame katal\u00f3gus - Itt tal\u00e1lhat\u00f3 az Oriflame aktu\u00e1lis katal\u00f3gus - A katal\u00f3gus megtekint\u00e9s k\u00f6zben m\u00e1r elkezdheti a v\u00e1s\u00e1rl\u00e1st...","breadcrumb":{"@id":"https:\/\/anioriteam.hu\/blog\/oriflame-katalogus\/#breadcrumb"},"inLanguage":"hu","potentialAction":[{"@type":"ReadAction","target":["https:\/\/anioriteam.hu\/blog\/oriflame-katalogus\/"]}]},{"@type":"ImageObject","inLanguage":"hu","@id":"https:\/\/anioriteam.hu\/blog\/oriflame-katalogus\/#primaryimage","url":"https:\/\/anioriteam.hu\/blog\/wp-content\/uploads\/2026\/03\/6-os-katalogus.jpeg","contentUrl":"https:\/\/anioriteam.hu\/blog\/wp-content\/uploads\/2026\/03\/6-os-katalogus.jpeg","width":390,"height":556,"caption":"Oriflame katalogus"},{"@type":"BreadcrumbList","@id":"https:\/\/anioriteam.hu\/blog\/oriflame-katalogus\/#breadcrumb","itemListElement":[{"@type":"ListItem","position":1,"name":"Home","item":"https:\/\/anioriteam.hu\/blog\/"},{"@type":"ListItem","position":2,"name":"Oriflame katal\u00f3gus &#8211; aktu\u00e1lis"}]},{"@type":"WebSite","@id":"https:\/\/anioriteam.hu\/blog\/#website","url":"https:\/\/anioriteam.hu\/blog\/","name":"Oriflame Blog","description":"Fedezd fel az Aniori Team Oriflame blogj\u00e1t! Sz\u00e9ps\u00e9gtippek, term\u00e9kaj\u00e1nl\u00f3k, \u00fajdons\u00e1gok \u00e9s hasznos tan\u00e1csok az Oriflame vil\u00e1g\u00e1b\u00f3l - hiteles forr\u00e1sb\u00f3l  naprak\u00e9szen.","publisher":{"@id":"https:\/\/anioriteam.hu\/blog\/#organization"},"potentialAction":[{"@type":"SearchAction","target":{"@type":"EntryPoint","urlTemplate":"https:\/\/anioriteam.hu\/blog\/?s={search_term_string}"},"query-input":{"@type":"PropertyValueSpecification","valueRequired":true,"valueName":"search_term_string"}}],"inLanguage":"hu"},{"@type":"Organization","@id":"https:\/\/anioriteam.hu\/blog\/#organization","name":"Aniori Team","url":"https:\/\/anioriteam.hu\/blog\/","logo":{"@type":"ImageObject","inLanguage":"hu","@id":"https:\/\/anioriteam.hu\/blog\/#\/schema\/logo\/image\/","url":"https:\/\/anioriteam.hu\/blog\/wp-content\/uploads\/2017\/12\/logo.png","contentUrl":"https:\/\/anioriteam.hu\/blog\/wp-content\/uploads\/2017\/12\/logo.png","width":205,"height":100,"caption":"Aniori Team"},"image":{"@id":"https:\/\/anioriteam.hu\/blog\/#\/schema\/logo\/image\/"},"sameAs":["https:\/\/facebook.com\/aniori","https:\/\/instagram.com\/anioribeauty","https:\/\/pinterest.com\/anioribeauty"]}]}},"_links":{"self":[{"href":"https:\/\/anioriteam.hu\/blog\/wp-json\/wp\/v2\/pages\/566","targetHints":{"allow":["GET"]}}],"collection":[{"href":"https:\/\/anioriteam.hu\/blog\/wp-json\/wp\/v2\/pages"}],"about":[{"href":"https:\/\/anioriteam.hu\/blog\/wp-json\/wp\/v2\/types\/page"}],"author":[{"embeddable":true,"href":"https:\/\/anioriteam.hu\/blog\/wp-json\/wp\/v2\/users\/1"}],"replies":[{"embeddable":true,"href":"https:\/\/anioriteam.hu\/blog\/wp-json\/wp\/v2\/comments?post=566"}],"version-history":[{"count":6,"href":"https:\/\/anioriteam.hu\/blog\/wp-json\/wp\/v2\/pages\/566\/revisions"}],"predecessor-version":[{"id":4922,"href":"https:\/\/anioriteam.hu\/blog\/wp-json\/wp\/v2\/pages\/566\/revisions\/4922"}],"wp:attachment":[{"href":"https:\/\/anioriteam.hu\/blog\/wp-json\/wp\/v2\/media?parent=566"}],"curies":[{"name":"wp","href":"https:\/\/api.w.org\/{rel}","templated":true}]}}