{"id":4812,"date":"2025-12-03T23:03:34","date_gmt":"2025-12-03T22:03:34","guid":{"rendered":"https:\/\/anioriteam.hu\/blog\/?page_id=4812"},"modified":"2025-12-03T23:03:15","modified_gmt":"2025-12-03T22:03:15","slug":"oriflame-parfumok","status":"publish","type":"page","link":"https:\/\/anioriteam.hu\/blog\/oriflame-parfumok\/","title":{"rendered":"Oriflame parf\u00fcm\u00f6k \u2013 Pr\u00e9mium illatok el\u00e9rhet\u0151 \u00e1ron"},"content":{"rendered":"<div dir=\"auto\"><strong>Oriflame parf\u00fcm\u00f6k<\/strong><\/div>\n<div dir=\"auto\" style=\"text-align: justify;\">\u2013 ha szereted a k\u00fcl\u00f6nleges, min\u0151s\u00e9gi illatokat, de nem akarsz egy vagyon k\u00f6lteni r\u00e1juk, akkor ezeket az illatokat im\u00e1dni fogod. &#8211;<\/div>\n<div dir=\"auto\" style=\"text-align: justify;\"><\/div>\n<div dir=\"auto\" style=\"text-align: justify;\">Az Oriflame parf\u00fcm\u00f6k francia parf\u00fcm\u0151r\u00f6k k\u00f6zrem\u0171k\u00f6d\u00e9s\u00e9vel k\u00e9sz\u00fclnek, \u00edgy a min\u0151s\u00e9g\u00fck \u00e9s tart\u00f3ss\u00e1guk a luxusm\u00e1rk\u00e1k\u00e9val vetekszik \u2013 m\u00e9gis el\u00e9rhet\u0151 \u00e1ron juthatsz hozz\u00e1juk.<\/div>\n<div dir=\"auto\"><\/div>\n<div dir=\"auto\"><img loading=\"lazy\" decoding=\"async\" class=\"alignleft wp-image-4821 size-large\" src=\"https:\/\/anioriteam.hu\/blog\/wp-content\/uploads\/2025\/11\/oriflame-parfumok-premium-illat-1024x683.jpg\" alt=\"Oriflame parf\u00fcm\u00f6k, pr\u00e9mium illatok, amelyek inspir\u00e1lnak\" width=\"525\" height=\"350\" srcset=\"https:\/\/anioriteam.hu\/blog\/wp-content\/uploads\/2025\/11\/oriflame-parfumok-premium-illat-1024x683.jpg 1024w, https:\/\/anioriteam.hu\/blog\/wp-content\/uploads\/2025\/11\/oriflame-parfumok-premium-illat-300x200.jpg 300w, https:\/\/anioriteam.hu\/blog\/wp-content\/uploads\/2025\/11\/oriflame-parfumok-premium-illat-768x512.jpg 768w, https:\/\/anioriteam.hu\/blog\/wp-content\/uploads\/2025\/11\/oriflame-parfumok-premium-illat.jpg 1438w\" sizes=\"auto, (max-width: 525px) 100vw, 525px\" \/><\/div>\n<h2 dir=\"auto\">\u00a0<strong>Mit\u0151l k\u00fcl\u00f6nlegesek az Oriflame parf\u00fcm\u00f6k?<\/strong><\/h2>\n<div dir=\"auto\" style=\"padding-left: 40px;\"><\/div>\n<ul>\n<li style=\"list-style-type: none;\">\n<ul>\n<li dir=\"auto\">\u00a0<strong>Eredeti, pr\u00e9mium illatok<\/strong> \u2013 nem ut\u00e1nzatok, hanem saj\u00e1t fejleszt\u00e9s\u0171, tart\u00f3s kompoz\u00edci\u00f3k.<\/li>\n<li dir=\"auto\">\u00a0<strong>Kedvez\u0151bb \u00e1rak online<\/strong> \u2013 k\u00f6zvetlen\u00fcl a gy\u00e1rt\u00f3t\u00f3l v\u00e1s\u00e1rolsz, ez\u00e9rt nem fizetsz fel\u00e1rat.<\/li>\n<li dir=\"auto\">\u00a0<strong>Illatminta is rendelhet\u0151<\/strong>, \u00edgy kipr\u00f3b\u00e1lhatod az illatot, miel\u0151tt megv\u00e1s\u00e1rolod.<\/li>\n<li dir=\"auto\"><strong>Online katal\u00f3gus<\/strong>, ahol minden \u00faj illatot \u00e9s akci\u00f3t megtal\u00e1lsz.<\/li>\n<\/ul>\n<\/li>\n<\/ul>\n<h2><strong>N\u00e9pszer\u0171 Oriflame parf\u00fcm\u00f6k, illatcsal\u00e1dok \u2013 fedezd fel a st\u00edlusodhoz ill\u0151 illatot<\/strong><\/h2>\n<div dir=\"auto\"><\/div>\n<div dir=\"auto\" style=\"text-align: justify;\">Az Oriflame parf\u00fcm\u00f6k nemcsak a min\u0151s\u00e9g\u00fckr\u0151l, hanem a leny\u0171g\u00f6z\u0151 illatvil\u00e1gukr\u00f3l is ismertek.<\/div>\n<div dir=\"auto\" style=\"text-align: justify;\">A m\u00e1rka pr\u00e9mium illatcsal\u00e1djai a vil\u00e1g k\u00fcl\u00f6nb\u00f6z\u0151 hangulatait, \u00e9let\u00e9rz\u00e9seit \u00e9s st\u00edlusait id\u00e9zik meg \u2013 \u00edgy mindenki megtal\u00e1lhatja k\u00f6zt\u00fck a saj\u00e1t kedvenc\u00e9t.<\/div>\n<div dir=\"auto\" style=\"text-align: justify;\">Ezek a parf\u00fcm\u00f6k sv\u00e9d precizit\u00e1ssal \u00e9s term\u00e9szetes alapanyagokb\u00f3l k\u00e9sz\u00fclnek, sok esetben h\u00edres francia parf\u00fcm\u0151r\u00f6k k\u00f6zrem\u0171k\u00f6d\u00e9s\u00e9vel.<\/div>\n<div dir=\"auto\"><\/div>\n<div dir=\"auto\"><strong>N\u00e9h\u00e1ny kedvelt illatbrand az Oriflame k\u00edn\u00e1lat\u00e1b\u00f3l:<\/strong><\/div>\n<div dir=\"auto\"><\/div>\n<ul>\n<li style=\"list-style-type: none;\">\n<ul>\n<li dir=\"auto\"><a href=\"https:\/\/hu.oriflame.com\/search?query=Giordani+Gold+Essenza&amp;store=HU-anioribeauty\" target=\"_blank\" rel=\"noopener\"><strong><em>Giordani Gold Essenza<\/em><\/strong><\/a> \u2013 luxus, aranyl\u00f3 elegancia, val\u00f3di narancsvir\u00e1g esszenci\u00e1val<\/li>\n<li dir=\"auto\"><a href=\"https:\/\/hu.oriflame.com\/search?query=Eclat&amp;store=HU-anioribeauty\" target=\"_blank\" rel=\"noopener\"><strong><em>Eclat<\/em> <\/strong><\/a>\u2013 finom, eleg\u00e1ns illatok n\u0151knek \u00e9s f\u00e9rfiaknak egyar\u00e1nt<\/li>\n<li dir=\"auto\"><a href=\"https:\/\/hu.oriflame.com\/search?query=Divine&amp;store=HU-anioribeauty\" target=\"_blank\" rel=\"noopener\"><strong><em>Divine<\/em><\/strong><\/a> \u2013 l\u00e1gy, vir\u00e1gos parf\u00fcm\u00f6k, melyek kiemelik a n\u0151i finoms\u00e1got<\/li>\n<li dir=\"auto\"><a href=\"https:\/\/hu.oriflame.com\/search?query=Possess&amp;store=HU-anioribeauty\" target=\"_blank\" rel=\"noopener\"><em><strong>Possess<\/strong> <\/em><\/a>\u2013 intenz\u00edv, hosszan tart\u00f3 illatkompoz\u00edci\u00f3k, ikonikus karakterrel<\/li>\n<li dir=\"auto\"><a href=\"https:\/\/hu.oriflame.com\/search?query=Nordic+Waters&amp;store=HU-anioribeauty\" target=\"_blank\" rel=\"noopener\"><strong><em>Nordic Waters<\/em><\/strong><\/a> \u2013 friss, term\u00e9szetes illatok a skandin\u00e1v tisztas\u00e1g jegy\u00e9ben<\/li>\n<li dir=\"auto\"><a href=\"https:\/\/hu.oriflame.com\/search?query=Women%27s+Collection&amp;store=HU-anioribeauty\" target=\"_blank\" rel=\"noopener\"><strong><em>Women&#8217;s Collection<\/em><\/strong><\/a> \u2013 k\u00f6nnyed, vir\u00e1gos illatok, a mindennapokra<\/li>\n<\/ul>\n<\/li>\n<\/ul>\n<h2 dir=\"auto\"><strong>\u00a0Illatkaland otthonr\u00f3l<\/strong><\/h2>\n<div dir=\"auto\"><\/div>\n<div dir=\"auto\" style=\"text-align: justify;\">Az Oriflame parf\u00fcm\u00f6k k\u00f6z\u00f6tt mindenki megtal\u00e1lja a szem\u00e9lyis\u00e9g\u00e9hez ill\u0151 illatot \u2013 a friss, vir\u00e1gos n\u0151ies parf\u00fcm\u00f6kt\u0151l a karakteres, eleg\u00e1ns f\u00e9rfi illatokig.<\/div>\n<div dir=\"auto\" style=\"text-align: justify;\">Ha nem vagy biztos benne, melyik illat illik hozz\u00e1d, <strong>rendelj illatmint\u00e1t<\/strong>, vagy b\u00f6ng\u00e9ssz az online katal\u00f3gusban, ahol illatjegyek alapj\u00e1n is v\u00e1laszthatsz.<\/div>\n<div dir=\"auto\"><\/div>\n<div dir=\"auto\"><img decoding=\"async\" class=\"an1\" draggable=\"false\" src=\"https:\/\/fonts.gstatic.com\/s\/e\/notoemoji\/16.0\/1f449\/32.png\" alt=\"\ud83d\udc49\" data-emoji=\"\ud83d\udc49\" aria-label=\"\ud83d\udc49\" \/>\u00a0N\u00e9zd meg az aktu\u00e1lis aj\u00e1nlatokat \u00e9s parf\u00fcm\u00f6ket itt:<\/div>\n<div dir=\"auto\"><a class=\"maxbutton-2 maxbutton maxbutton-oriflame-katalogus\" target=\"_blank\" rel=\"noopener\" href=\"https:\/\/hu.oriflame.com\/shared-list\/3cb92134-1871-40d7-b527-d98031e7fbcf?store=HU-anioribeauty\"><span class='mb-text'>Aktu\u00e1lis parf\u00fcm aj\u00e1nlatok<\/span><\/a><\/div>\n<div dir=\"auto\"><\/div>\n<div dir=\"auto\"><\/div>\n<h2 dir=\"auto\"><strong>Tipp a v\u00e1s\u00e1rl\u00e1shoz<\/strong><\/h2>\n<div dir=\"auto\"><\/div>\n<div dir=\"auto\" style=\"text-align: justify;\">Sokan nem tudj\u00e1k, hogy az online v\u00e1s\u00e1rl\u00e1s sokszor kedvez\u0151bb, mint a hagyom\u00e1nyos katal\u00f3gusos rendel\u00e9s.<\/div>\n<div dir=\"auto\" style=\"text-align: justify;\">Ha k\u00f6zvetlen\u00fcl az Oriflame web\u00e1ruh\u00e1z\u00e1b\u00f3l v\u00e1s\u00e1rolsz, akci\u00f3s \u00e1rakon juthatsz hozz\u00e1 ugyanahhoz a min\u0151s\u00e9ghez.<\/div>\n<div dir=\"auto\" style=\"text-align: justify;\">Ha bizonytalan vagy, \u00edrj nekem a <a href=\"\/blog\/kapcsolat\/\" target=\"_blank\" rel=\"noopener\"><strong>kapcsolat<\/strong> oldalon<\/a>, \u00e9s seg\u00edtek megtal\u00e1lni a hozz\u00e1d ill\u0151 illatot vagy akci\u00f3t.<\/div>\n<div dir=\"auto\"><\/div>\n<h2 dir=\"auto\">\u00a0<strong>Inspir\u00e1ci\u00f3k \u00e9s \u00fajdons\u00e1gok a Pinteresten<\/strong><\/h2>\n<div dir=\"auto\"><\/div>\n<div dir=\"auto\">Fedezd fel az aktu\u00e1lis kedvenceket, szezon\u00e1lis inspir\u00e1ci\u00f3kat \u00e9s parf\u00fcm \u00fajdons\u00e1gokat a Pinterest-t\u00e1bl\u00e1n!<\/div>\n<div dir=\"auto\">Kattints a k\u00e9pekre, \u00e9s v\u00e1laszd ki a kedvenc illatodat:<\/div>\n<div dir=\"auto\"><\/div>\n<div dir=\"auto\"><\/div>\n<div dir=\"auto\"><\/div>\n<div><\/div>\n<div data-smartmail=\"gmail_signature\">\n<div dir=\"ltr\">\n<div>\n<div dir=\"ltr\">\n<div>\n<div dir=\"ltr\">\n<div dir=\"ltr\">\n<div dir=\"ltr\">\n<div dir=\"ltr\">\n<div dir=\"ltr\">\n<div dir=\"ltr\">\n<div dir=\"ltr\">\n<div dir=\"ltr\">\n<div dir=\"ltr\">\n<div dir=\"ltr\">\n<div dir=\"ltr\">\n<div dir=\"ltr\">\n<div dir=\"ltr\">\n<div dir=\"ltr\">\n<div dir=\"ltr\">\n<div dir=\"ltr\"><\/div>\n<\/div>\n<\/div>\n<\/div>\n<\/div>\n<\/div>\n<\/div>\n<\/div>\n<\/div>\n<\/div>\n<\/div>\n<\/div>\n<\/div>\n<\/div>\n<\/div>\n<\/div>\n<\/div>\n<\/div>\n<\/div>\n<\/div>\n<\/div>\n","protected":false},"excerpt":{"rendered":"<p>Oriflame parf\u00fcm\u00f6k \u2013 ha szereted a k\u00fcl\u00f6nleges, min\u0151s\u00e9gi illatokat, de nem akarsz egy vagyon k\u00f6lteni r\u00e1juk, akkor ezeket az illatokat im\u00e1dni fogod. &#8211; Az Oriflame parf\u00fcm\u00f6k francia parf\u00fcm\u0151r\u00f6k k\u00f6zrem\u0171k\u00f6d\u00e9s\u00e9vel k\u00e9sz\u00fclnek, \u00edgy a min\u0151s\u00e9g\u00fck \u00e9s tart\u00f3ss\u00e1guk a luxusm\u00e1rk\u00e1k\u00e9val vetekszik \u2013 m\u00e9gis el\u00e9rhet\u0151 \u00e1ron juthatsz hozz\u00e1juk. \u00a0Mit\u0151l k\u00fcl\u00f6nlegesek az Oriflame parf\u00fcm\u00f6k? \u00a0Eredeti, pr\u00e9mium illatok \u2013 nem ut\u00e1nzatok, &hellip; <\/p>\n<p class=\"link-more\"><a href=\"https:\/\/anioriteam.hu\/blog\/oriflame-parfumok\/\" class=\"more-link\"><span class=\"screen-reader-text\">&#8222;Oriflame parf\u00fcm\u00f6k \u2013 Pr\u00e9mium illatok el\u00e9rhet\u0151 \u00e1ron&#8221;<\/span> b\u0151vebben<\/a><\/p>\n","protected":false},"author":1,"featured_media":0,"parent":0,"menu_order":0,"comment_status":"closed","ping_status":"closed","template":"","meta":{"footnotes":""},"class_list":["post-4812","page","type-page","status-publish","hentry"],"yoast_head":"<!-- This site is optimized with the Yoast SEO plugin v27.3 - https:\/\/yoast.com\/product\/yoast-seo-wordpress\/ -->\n<title>Oriflame parf\u00fcm\u00f6k - Pr\u00e9mium illatok kedvez\u0151 \u00e1ron - anioriteam.hu<\/title>\n<meta name=\"description\" content=\"Fedezd fel az Oriflame parf\u00fcm\u00f6k vil\u00e1g\u00e1t! Pr\u00e9mium min\u0151s\u00e9g, francia illatmesterek, el\u00e9rhet\u0151 \u00e1r! V\u00e1s\u00e1rolj online kedvezm\u00e9nyesen - anioriteam.hu\" \/>\n<meta name=\"robots\" content=\"index, follow, max-snippet:-1, max-image-preview:large, max-video-preview:-1\" \/>\n<link rel=\"canonical\" href=\"https:\/\/anioriteam.hu\/blog\/oriflame-parfumok\/\" \/>\n<meta property=\"og:locale\" content=\"hu_HU\" \/>\n<meta property=\"og:type\" content=\"article\" \/>\n<meta property=\"og:title\" content=\"Oriflame parf\u00fcm\u00f6k - Pr\u00e9mium illatok kedvez\u0151 \u00e1ron - anioriteam.hu\" \/>\n<meta property=\"og:description\" content=\"Fedezd fel az Oriflame parf\u00fcm\u00f6k vil\u00e1g\u00e1t! Pr\u00e9mium min\u0151s\u00e9g, francia illatmesterek, el\u00e9rhet\u0151 \u00e1r! V\u00e1s\u00e1rolj online kedvezm\u00e9nyesen - anioriteam.hu\" \/>\n<meta property=\"og:url\" content=\"https:\/\/anioriteam.hu\/blog\/oriflame-parfumok\/\" \/>\n<meta property=\"og:site_name\" content=\"Oriflame Blog - anioriteam.hu - sz\u00e9ps\u00e9g, inspir\u00e1ci\u00f3 \u00e9s tan\u00e1csok\" \/>\n<meta property=\"article:publisher\" content=\"https:\/\/facebook.com\/aniori\" \/>\n<meta property=\"og:image\" content=\"https:\/\/anioriteam.hu\/blog\/wp-content\/uploads\/2025\/11\/oriflame-parfumok-premium-illat.jpg\" \/>\n\t<meta property=\"og:image:width\" content=\"1438\" \/>\n\t<meta property=\"og:image:height\" content=\"959\" \/>\n\t<meta property=\"og:image:type\" content=\"image\/jpeg\" \/>\n<meta name=\"twitter:card\" content=\"summary_large_image\" \/>\n<meta name=\"twitter:label1\" content=\"Becs\u00fclt olvas\u00e1si id\u0151\" \/>\n\t<meta name=\"twitter:data1\" content=\"3 perc\" \/>\n<script type=\"application\/ld+json\" class=\"yoast-schema-graph\">{\"@context\":\"https:\\\/\\\/schema.org\",\"@graph\":[{\"@type\":\"WebPage\",\"@id\":\"https:\\\/\\\/anioriteam.hu\\\/blog\\\/oriflame-parfumok\\\/\",\"url\":\"https:\\\/\\\/anioriteam.hu\\\/blog\\\/oriflame-parfumok\\\/\",\"name\":\"Oriflame parf\u00fcm\u00f6k - Pr\u00e9mium illatok kedvez\u0151 \u00e1ron - anioriteam.hu\",\"isPartOf\":{\"@id\":\"https:\\\/\\\/anioriteam.hu\\\/blog\\\/#website\"},\"primaryImageOfPage\":{\"@id\":\"https:\\\/\\\/anioriteam.hu\\\/blog\\\/oriflame-parfumok\\\/#primaryimage\"},\"image\":{\"@id\":\"https:\\\/\\\/anioriteam.hu\\\/blog\\\/oriflame-parfumok\\\/#primaryimage\"},\"thumbnailUrl\":\"https:\\\/\\\/anioriteam.hu\\\/blog\\\/wp-content\\\/uploads\\\/2025\\\/11\\\/oriflame-parfumok-premium-illat-1024x683.jpg\",\"datePublished\":\"2025-12-03T22:03:34+00:00\",\"description\":\"Fedezd fel az Oriflame parf\u00fcm\u00f6k vil\u00e1g\u00e1t! Pr\u00e9mium min\u0151s\u00e9g, francia illatmesterek, el\u00e9rhet\u0151 \u00e1r! V\u00e1s\u00e1rolj online kedvezm\u00e9nyesen - anioriteam.hu\",\"breadcrumb\":{\"@id\":\"https:\\\/\\\/anioriteam.hu\\\/blog\\\/oriflame-parfumok\\\/#breadcrumb\"},\"inLanguage\":\"hu\",\"potentialAction\":[{\"@type\":\"ReadAction\",\"target\":[\"https:\\\/\\\/anioriteam.hu\\\/blog\\\/oriflame-parfumok\\\/\"]}]},{\"@type\":\"ImageObject\",\"inLanguage\":\"hu\",\"@id\":\"https:\\\/\\\/anioriteam.hu\\\/blog\\\/oriflame-parfumok\\\/#primaryimage\",\"url\":\"https:\\\/\\\/anioriteam.hu\\\/blog\\\/wp-content\\\/uploads\\\/2025\\\/11\\\/oriflame-parfumok-premium-illat.jpg\",\"contentUrl\":\"https:\\\/\\\/anioriteam.hu\\\/blog\\\/wp-content\\\/uploads\\\/2025\\\/11\\\/oriflame-parfumok-premium-illat.jpg\",\"width\":1438,\"height\":959,\"caption\":\"Oriflame parf\u00fcm\u00f6k, pr\u00e9mium illatok, amelyek inspir\u00e1lnak\"},{\"@type\":\"BreadcrumbList\",\"@id\":\"https:\\\/\\\/anioriteam.hu\\\/blog\\\/oriflame-parfumok\\\/#breadcrumb\",\"itemListElement\":[{\"@type\":\"ListItem\",\"position\":1,\"name\":\"Home\",\"item\":\"https:\\\/\\\/anioriteam.hu\\\/blog\\\/\"},{\"@type\":\"ListItem\",\"position\":2,\"name\":\"Oriflame parf\u00fcm\u00f6k \u2013 Pr\u00e9mium illatok el\u00e9rhet\u0151 \u00e1ron\"}]},{\"@type\":\"WebSite\",\"@id\":\"https:\\\/\\\/anioriteam.hu\\\/blog\\\/#website\",\"url\":\"https:\\\/\\\/anioriteam.hu\\\/blog\\\/\",\"name\":\"Oriflame Blog\",\"description\":\"Fedezd fel az Aniori Team Oriflame blogj\u00e1t! Sz\u00e9ps\u00e9gtippek, term\u00e9kaj\u00e1nl\u00f3k, \u00fajdons\u00e1gok \u00e9s hasznos tan\u00e1csok az Oriflame vil\u00e1g\u00e1b\u00f3l - hiteles forr\u00e1sb\u00f3l  naprak\u00e9szen.\",\"publisher\":{\"@id\":\"https:\\\/\\\/anioriteam.hu\\\/blog\\\/#organization\"},\"potentialAction\":[{\"@type\":\"SearchAction\",\"target\":{\"@type\":\"EntryPoint\",\"urlTemplate\":\"https:\\\/\\\/anioriteam.hu\\\/blog\\\/?s={search_term_string}\"},\"query-input\":{\"@type\":\"PropertyValueSpecification\",\"valueRequired\":true,\"valueName\":\"search_term_string\"}}],\"inLanguage\":\"hu\"},{\"@type\":\"Organization\",\"@id\":\"https:\\\/\\\/anioriteam.hu\\\/blog\\\/#organization\",\"name\":\"Aniori Team\",\"url\":\"https:\\\/\\\/anioriteam.hu\\\/blog\\\/\",\"logo\":{\"@type\":\"ImageObject\",\"inLanguage\":\"hu\",\"@id\":\"https:\\\/\\\/anioriteam.hu\\\/blog\\\/#\\\/schema\\\/logo\\\/image\\\/\",\"url\":\"https:\\\/\\\/anioriteam.hu\\\/blog\\\/wp-content\\\/uploads\\\/2017\\\/12\\\/logo.png\",\"contentUrl\":\"https:\\\/\\\/anioriteam.hu\\\/blog\\\/wp-content\\\/uploads\\\/2017\\\/12\\\/logo.png\",\"width\":205,\"height\":100,\"caption\":\"Aniori Team\"},\"image\":{\"@id\":\"https:\\\/\\\/anioriteam.hu\\\/blog\\\/#\\\/schema\\\/logo\\\/image\\\/\"},\"sameAs\":[\"https:\\\/\\\/facebook.com\\\/aniori\",\"https:\\\/\\\/instagram.com\\\/anioribeauty\",\"https:\\\/\\\/pinterest.com\\\/anioribeauty\"]}]}<\/script>\n<!-- \/ Yoast SEO plugin. -->","yoast_head_json":{"title":"Oriflame parf\u00fcm\u00f6k - Pr\u00e9mium illatok kedvez\u0151 \u00e1ron - anioriteam.hu","description":"Fedezd fel az Oriflame parf\u00fcm\u00f6k vil\u00e1g\u00e1t! Pr\u00e9mium min\u0151s\u00e9g, francia illatmesterek, el\u00e9rhet\u0151 \u00e1r! V\u00e1s\u00e1rolj online kedvezm\u00e9nyesen - anioriteam.hu","robots":{"index":"index","follow":"follow","max-snippet":"max-snippet:-1","max-image-preview":"max-image-preview:large","max-video-preview":"max-video-preview:-1"},"canonical":"https:\/\/anioriteam.hu\/blog\/oriflame-parfumok\/","og_locale":"hu_HU","og_type":"article","og_title":"Oriflame parf\u00fcm\u00f6k - Pr\u00e9mium illatok kedvez\u0151 \u00e1ron - anioriteam.hu","og_description":"Fedezd fel az Oriflame parf\u00fcm\u00f6k vil\u00e1g\u00e1t! Pr\u00e9mium min\u0151s\u00e9g, francia illatmesterek, el\u00e9rhet\u0151 \u00e1r! V\u00e1s\u00e1rolj online kedvezm\u00e9nyesen - anioriteam.hu","og_url":"https:\/\/anioriteam.hu\/blog\/oriflame-parfumok\/","og_site_name":"Oriflame Blog - anioriteam.hu - sz\u00e9ps\u00e9g, inspir\u00e1ci\u00f3 \u00e9s tan\u00e1csok","article_publisher":"https:\/\/facebook.com\/aniori","og_image":[{"width":1438,"height":959,"url":"https:\/\/anioriteam.hu\/blog\/wp-content\/uploads\/2025\/11\/oriflame-parfumok-premium-illat.jpg","type":"image\/jpeg"}],"twitter_card":"summary_large_image","twitter_misc":{"Becs\u00fclt olvas\u00e1si id\u0151":"3 perc"},"schema":{"@context":"https:\/\/schema.org","@graph":[{"@type":"WebPage","@id":"https:\/\/anioriteam.hu\/blog\/oriflame-parfumok\/","url":"https:\/\/anioriteam.hu\/blog\/oriflame-parfumok\/","name":"Oriflame parf\u00fcm\u00f6k - Pr\u00e9mium illatok kedvez\u0151 \u00e1ron - anioriteam.hu","isPartOf":{"@id":"https:\/\/anioriteam.hu\/blog\/#website"},"primaryImageOfPage":{"@id":"https:\/\/anioriteam.hu\/blog\/oriflame-parfumok\/#primaryimage"},"image":{"@id":"https:\/\/anioriteam.hu\/blog\/oriflame-parfumok\/#primaryimage"},"thumbnailUrl":"https:\/\/anioriteam.hu\/blog\/wp-content\/uploads\/2025\/11\/oriflame-parfumok-premium-illat-1024x683.jpg","datePublished":"2025-12-03T22:03:34+00:00","description":"Fedezd fel az Oriflame parf\u00fcm\u00f6k vil\u00e1g\u00e1t! Pr\u00e9mium min\u0151s\u00e9g, francia illatmesterek, el\u00e9rhet\u0151 \u00e1r! V\u00e1s\u00e1rolj online kedvezm\u00e9nyesen - anioriteam.hu","breadcrumb":{"@id":"https:\/\/anioriteam.hu\/blog\/oriflame-parfumok\/#breadcrumb"},"inLanguage":"hu","potentialAction":[{"@type":"ReadAction","target":["https:\/\/anioriteam.hu\/blog\/oriflame-parfumok\/"]}]},{"@type":"ImageObject","inLanguage":"hu","@id":"https:\/\/anioriteam.hu\/blog\/oriflame-parfumok\/#primaryimage","url":"https:\/\/anioriteam.hu\/blog\/wp-content\/uploads\/2025\/11\/oriflame-parfumok-premium-illat.jpg","contentUrl":"https:\/\/anioriteam.hu\/blog\/wp-content\/uploads\/2025\/11\/oriflame-parfumok-premium-illat.jpg","width":1438,"height":959,"caption":"Oriflame parf\u00fcm\u00f6k, pr\u00e9mium illatok, amelyek inspir\u00e1lnak"},{"@type":"BreadcrumbList","@id":"https:\/\/anioriteam.hu\/blog\/oriflame-parfumok\/#breadcrumb","itemListElement":[{"@type":"ListItem","position":1,"name":"Home","item":"https:\/\/anioriteam.hu\/blog\/"},{"@type":"ListItem","position":2,"name":"Oriflame parf\u00fcm\u00f6k \u2013 Pr\u00e9mium illatok el\u00e9rhet\u0151 \u00e1ron"}]},{"@type":"WebSite","@id":"https:\/\/anioriteam.hu\/blog\/#website","url":"https:\/\/anioriteam.hu\/blog\/","name":"Oriflame Blog","description":"Fedezd fel az Aniori Team Oriflame blogj\u00e1t! Sz\u00e9ps\u00e9gtippek, term\u00e9kaj\u00e1nl\u00f3k, \u00fajdons\u00e1gok \u00e9s hasznos tan\u00e1csok az Oriflame vil\u00e1g\u00e1b\u00f3l - hiteles forr\u00e1sb\u00f3l  naprak\u00e9szen.","publisher":{"@id":"https:\/\/anioriteam.hu\/blog\/#organization"},"potentialAction":[{"@type":"SearchAction","target":{"@type":"EntryPoint","urlTemplate":"https:\/\/anioriteam.hu\/blog\/?s={search_term_string}"},"query-input":{"@type":"PropertyValueSpecification","valueRequired":true,"valueName":"search_term_string"}}],"inLanguage":"hu"},{"@type":"Organization","@id":"https:\/\/anioriteam.hu\/blog\/#organization","name":"Aniori Team","url":"https:\/\/anioriteam.hu\/blog\/","logo":{"@type":"ImageObject","inLanguage":"hu","@id":"https:\/\/anioriteam.hu\/blog\/#\/schema\/logo\/image\/","url":"https:\/\/anioriteam.hu\/blog\/wp-content\/uploads\/2017\/12\/logo.png","contentUrl":"https:\/\/anioriteam.hu\/blog\/wp-content\/uploads\/2017\/12\/logo.png","width":205,"height":100,"caption":"Aniori Team"},"image":{"@id":"https:\/\/anioriteam.hu\/blog\/#\/schema\/logo\/image\/"},"sameAs":["https:\/\/facebook.com\/aniori","https:\/\/instagram.com\/anioribeauty","https:\/\/pinterest.com\/anioribeauty"]}]}},"_links":{"self":[{"href":"https:\/\/anioriteam.hu\/blog\/wp-json\/wp\/v2\/pages\/4812","targetHints":{"allow":["GET"]}}],"collection":[{"href":"https:\/\/anioriteam.hu\/blog\/wp-json\/wp\/v2\/pages"}],"about":[{"href":"https:\/\/anioriteam.hu\/blog\/wp-json\/wp\/v2\/types\/page"}],"author":[{"embeddable":true,"href":"https:\/\/anioriteam.hu\/blog\/wp-json\/wp\/v2\/users\/1"}],"replies":[{"embeddable":true,"href":"https:\/\/anioriteam.hu\/blog\/wp-json\/wp\/v2\/comments?post=4812"}],"version-history":[{"count":0,"href":"https:\/\/anioriteam.hu\/blog\/wp-json\/wp\/v2\/pages\/4812\/revisions"}],"wp:attachment":[{"href":"https:\/\/anioriteam.hu\/blog\/wp-json\/wp\/v2\/media?parent=4812"}],"curies":[{"name":"wp","href":"https:\/\/api.w.org\/{rel}","templated":true}]}}