{"id":48,"date":"2020-05-01T15:00:45","date_gmt":"2020-05-01T13:00:45","guid":{"rendered":"https:\/\/anioriteam.hu\/blog\/?page_id=48"},"modified":"2023-09-01T13:50:53","modified_gmt":"2023-09-01T11:50:53","slug":"sikerterv-oriflame","status":"publish","type":"page","link":"https:\/\/anioriteam.hu\/blog\/sikerterv-oriflame\/","title":{"rendered":"Sikerterv Oriflame"},"content":{"rendered":"<h2>Sikerterv Oriflame &#8211; online is minden lehets\u00e9ges<\/h2>\n<p style=\"text-align: justify;\">Sikerterv Oriflame &#8211; P\u00e9nzkereseti rendszer terv, mely megmutatja pontosan, hogy a Direkt Marketing \u00e9s a Multi Level Marketing \u00fczleti koncepci\u00f3n kereszt\u00fcl, milyen lehet\u0151s\u00e9geink vannak, hogyan juthatunk \u00e1tlag feletti j\u00f6vedelemhez \u00e9s exkluz\u00edv utaz\u00e1sokhoz is.<\/p>\n<p><img loading=\"lazy\" decoding=\"async\" class=\"size-medium wp-image-254 aligncenter\" src=\"https:\/\/anioriteam.hu\/blog\/wp-content\/uploads\/2017\/12\/Oriflame-Siker-terv-300x300.jpg\" alt=\"Sikerterv Oriflame\" width=\"300\" height=\"300\" srcset=\"https:\/\/anioriteam.hu\/blog\/wp-content\/uploads\/2017\/12\/Oriflame-Siker-terv-300x300.jpg 300w, https:\/\/anioriteam.hu\/blog\/wp-content\/uploads\/2017\/12\/Oriflame-Siker-terv-150x150.jpg 150w, https:\/\/anioriteam.hu\/blog\/wp-content\/uploads\/2017\/12\/Oriflame-Siker-terv.jpg 640w\" sizes=\"auto, (max-width: 300px) 100vw, 300px\" \/><\/p>\n<p style=\"text-align: justify;\">A l\u00e9nyeg a folyamatosan n\u00f6vekv\u0151 p\u00e9nzkereseti lehet\u0151s\u00e9g.\u00a0 A Siker terve megmutatja a teljes\u00edtm\u00e9nyekt\u0151l f\u00fcgg\u0151 p\u00e9nzkereseti lehet\u0151s\u00e9geket, minden egyes \u00fajabb l\u00e9pcs\u0151fokn\u00e1l a szintekhez j\u00e1r\u00f3 &#8222;TU\u00c1 azaz Teljes\u00edtm\u00e9ny Ut\u00e1ni \u00c1rengedm\u00e9ny&#8221; mellett (\u00edgy nevezik a b\u00f3nuszt az Oriflame-n\u00e9l) k\u00fcl\u00f6n p\u00e9nz jutalmakban r\u00e9szes\u00fclhet\u00fcnk.<\/p>\n<p>Keress p\u00e9nzt, tegy\u00e9l szert extra j\u00f6vedelemre Te is\u00a0 az Oriflame \u00e1ltal tervezett Siker lehet\u0151s\u00e9ggel!\u00a0 Dolgozz vel\u00fcnk online!<\/p>\n<p><span style=\"vertical-align: inherit;\"><span style=\"vertical-align: inherit;\"><div class=\"ead-preview\"><div class=\"ead-document\" style=\"position: relative;\"><div class=\"ead-iframe-wrapper\"><iframe src=\"\/\/docs.google.com\/viewer?url=https%3A%2F%2Fanioriteam.files.wordpress.com%2F2020%2F01%2Fsikerterv-uj-sajat.pdf&amp;embedded=true&amp;hl=en\" title=\"Embedded Document\" class=\"ead-iframe\" style=\"width: 100%;height: 800px;border: none;visibility: hidden;\"><\/iframe><\/div>\t\t\t<div class=\"ead-document-loading\" style=\"width:100%;height:100%;position:absolute;left:0;top:0;z-index:10;\">\n\t\t\t\t<div class=\"ead-loading-wrap\">\n\t\t\t\t\t<div class=\"ead-loading-main\">\n\t\t\t\t\t\t<div class=\"ead-loading\">\n\t\t\t\t\t\t\t<img loading=\"lazy\" decoding=\"async\" src=\"https:\/\/anioriteam.hu\/blog\/wp-content\/plugins\/embed-any-document\/images\/loading.svg\" width=\"55\" height=\"55\" alt=\"Loader\">\n\t\t\t\t\t\t\t<span>Loading...<\/span>\n\t\t\t\t\t\t<\/div>\n\t\t\t\t\t<\/div>\n\t\t\t\t\t<div class=\"ead-loading-foot\">\n\t\t\t\t\t\t<div class=\"ead-loading-foot-title\">\n\t\t\t\t\t\t\t<img loading=\"lazy\" decoding=\"async\" src=\"https:\/\/anioriteam.hu\/blog\/wp-content\/plugins\/embed-any-document\/images\/EAD-logo.svg\" alt=\"EAD Logo\" width=\"36\" height=\"23\"\/>\n\t\t\t\t\t\t\t<span>Taking too long?<\/span>\n\t\t\t\t\t\t<\/div>\n\t\t\t\t\t\t<p>\n\t\t\t\t\t\t\t<div class=\"ead-document-btn ead-reload-btn\" role=\"button\">\n\t\t\t\t\t\t\t\t<img loading=\"lazy\" decoding=\"async\" src=\"https:\/\/anioriteam.hu\/blog\/wp-content\/plugins\/embed-any-document\/images\/reload.svg\" alt=\"Reload\" width=\"12\" height=\"12\"\/> Reload document\t\t\t\t\t\t\t<\/div>\n\t\t\t\t\t\t\t<span>|<\/span>\n\t\t\t\t\t\t\t<a href=\"https:\/\/anioriteam.files.wordpress.com\/2020\/01\/sikerterv-uj-sajat.pdf\" class=\"ead-document-btn\" target=\"_blank\">\n\t\t\t\t\t\t\t\t<img loading=\"lazy\" decoding=\"async\" src=\"https:\/\/anioriteam.hu\/blog\/wp-content\/plugins\/embed-any-document\/images\/open.svg\" alt=\"Open\" width=\"12\" height=\"12\"\/> Open in new tab\t\t\t\t\t\t\t<\/a>\n\t\t\t\t\t<\/div>\n\t\t\t\t<\/div>\n\t\t\t<\/div>\n\t\t<\/div><\/div><\/span><\/span><\/p>\n<p>&nbsp;<\/p>\n<p style=\"text-align: center;\"><a class=\"maxbutton-3 maxbutton maxbutton-oriflame-penzkereset\" target=\"_blank\" rel=\"noopener\" href=\"https:\/\/anioriteam.hu\/blog\/oriflame-regisztracio\/\"><span class='mb-text'>\u00c9rdekel a p\u00e9nzkereset<\/span><\/a><\/p>\n<hr \/>\n<p>&nbsp;<\/p>\n","protected":false},"excerpt":{"rendered":"<p>Sikerterv Oriflame &#8211; online is minden lehets\u00e9ges Sikerterv Oriflame &#8211; P\u00e9nzkereseti rendszer terv, mely megmutatja pontosan, hogy a Direkt Marketing \u00e9s a Multi Level Marketing \u00fczleti koncepci\u00f3n kereszt\u00fcl, milyen lehet\u0151s\u00e9geink vannak, hogyan juthatunk \u00e1tlag feletti j\u00f6vedelemhez \u00e9s exkluz\u00edv utaz\u00e1sokhoz is. A l\u00e9nyeg a folyamatosan n\u00f6vekv\u0151 p\u00e9nzkereseti lehet\u0151s\u00e9g.\u00a0 A Siker terve megmutatja a teljes\u00edtm\u00e9nyekt\u0151l f\u00fcgg\u0151 p\u00e9nzkereseti &hellip; <\/p>\n<p class=\"link-more\"><a href=\"https:\/\/anioriteam.hu\/blog\/sikerterv-oriflame\/\" class=\"more-link\"><span class=\"screen-reader-text\">&#8222;Sikerterv Oriflame&#8221;<\/span> b\u0151vebben<\/a><\/p>\n","protected":false},"author":1,"featured_media":254,"parent":0,"menu_order":0,"comment_status":"closed","ping_status":"closed","template":"","meta":{"footnotes":""},"class_list":["post-48","page","type-page","status-publish","has-post-thumbnail","hentry"],"yoast_head":"<!-- This site is optimized with the Yoast SEO plugin v27.4 - https:\/\/yoast.com\/product\/yoast-seo-wordpress\/ -->\n<title>Sikerterv Oriflame - P\u00e9nzkereset \u00e9s \u00fczleti lehet\u0151s\u00e9g<\/title>\n<meta name=\"description\" content=\"Sikerterv Oriflame - Az Oriflame p\u00e9nzkereseti rendszer\u00e9t a Sikerterv tartalmazza. Megmutatja pontosan, milyen lehet\u0151s\u00e9gekre tehet\u00fcnk szert.\" \/>\n<meta name=\"robots\" content=\"index, follow, max-snippet:-1, max-image-preview:large, max-video-preview:-1\" \/>\n<link rel=\"canonical\" href=\"https:\/\/anioriteam.hu\/blog\/sikerterv-oriflame\/\" \/>\n<meta property=\"og:locale\" content=\"hu_HU\" \/>\n<meta property=\"og:type\" content=\"article\" \/>\n<meta property=\"og:title\" content=\"Sikerterv Oriflame - P\u00e9nzkereset \u00e9s \u00fczleti lehet\u0151s\u00e9g\" \/>\n<meta property=\"og:description\" content=\"Sikerterv Oriflame - Az Oriflame p\u00e9nzkereseti rendszer\u00e9t a Sikerterv tartalmazza. Megmutatja pontosan, milyen lehet\u0151s\u00e9gekre tehet\u00fcnk szert.\" \/>\n<meta property=\"og:url\" content=\"https:\/\/anioriteam.hu\/blog\/sikerterv-oriflame\/\" \/>\n<meta property=\"og:site_name\" content=\"Oriflame Blog - anioriteam.hu - sz\u00e9ps\u00e9g, inspir\u00e1ci\u00f3 \u00e9s tan\u00e1csok\" \/>\n<meta property=\"article:publisher\" content=\"https:\/\/facebook.com\/aniori\" \/>\n<meta property=\"article:modified_time\" content=\"2023-09-01T11:50:53+00:00\" \/>\n<meta property=\"og:image\" content=\"https:\/\/anioriteam.hu\/blog\/wp-content\/uploads\/2017\/12\/Oriflame-Siker-terv.jpg\" \/>\n\t<meta property=\"og:image:width\" content=\"640\" \/>\n\t<meta property=\"og:image:height\" content=\"640\" \/>\n\t<meta property=\"og:image:type\" content=\"image\/jpeg\" \/>\n<meta name=\"twitter:card\" content=\"summary_large_image\" \/>\n<meta name=\"twitter:label1\" content=\"Becs\u00fclt olvas\u00e1si id\u0151\" \/>\n\t<meta name=\"twitter:data1\" content=\"1 perc\" \/>\n<script type=\"application\/ld+json\" class=\"yoast-schema-graph\">{\"@context\":\"https:\\\/\\\/schema.org\",\"@graph\":[{\"@type\":\"WebPage\",\"@id\":\"https:\\\/\\\/anioriteam.hu\\\/blog\\\/sikerterv-oriflame\\\/\",\"url\":\"https:\\\/\\\/anioriteam.hu\\\/blog\\\/sikerterv-oriflame\\\/\",\"name\":\"Sikerterv Oriflame - P\u00e9nzkereset \u00e9s \u00fczleti lehet\u0151s\u00e9g\",\"isPartOf\":{\"@id\":\"https:\\\/\\\/anioriteam.hu\\\/blog\\\/#website\"},\"primaryImageOfPage\":{\"@id\":\"https:\\\/\\\/anioriteam.hu\\\/blog\\\/sikerterv-oriflame\\\/#primaryimage\"},\"image\":{\"@id\":\"https:\\\/\\\/anioriteam.hu\\\/blog\\\/sikerterv-oriflame\\\/#primaryimage\"},\"thumbnailUrl\":\"https:\\\/\\\/anioriteam.hu\\\/blog\\\/wp-content\\\/uploads\\\/2017\\\/12\\\/Oriflame-Siker-terv.jpg\",\"datePublished\":\"2020-05-01T13:00:45+00:00\",\"dateModified\":\"2023-09-01T11:50:53+00:00\",\"description\":\"Sikerterv Oriflame - Az Oriflame p\u00e9nzkereseti rendszer\u00e9t a Sikerterv tartalmazza. Megmutatja pontosan, milyen lehet\u0151s\u00e9gekre tehet\u00fcnk szert.\",\"breadcrumb\":{\"@id\":\"https:\\\/\\\/anioriteam.hu\\\/blog\\\/sikerterv-oriflame\\\/#breadcrumb\"},\"inLanguage\":\"hu\",\"potentialAction\":[{\"@type\":\"ReadAction\",\"target\":[\"https:\\\/\\\/anioriteam.hu\\\/blog\\\/sikerterv-oriflame\\\/\"]}]},{\"@type\":\"ImageObject\",\"inLanguage\":\"hu\",\"@id\":\"https:\\\/\\\/anioriteam.hu\\\/blog\\\/sikerterv-oriflame\\\/#primaryimage\",\"url\":\"https:\\\/\\\/anioriteam.hu\\\/blog\\\/wp-content\\\/uploads\\\/2017\\\/12\\\/Oriflame-Siker-terv.jpg\",\"contentUrl\":\"https:\\\/\\\/anioriteam.hu\\\/blog\\\/wp-content\\\/uploads\\\/2017\\\/12\\\/Oriflame-Siker-terv.jpg\",\"width\":640,\"height\":640,\"caption\":\"Sikerterv Oriflame\"},{\"@type\":\"BreadcrumbList\",\"@id\":\"https:\\\/\\\/anioriteam.hu\\\/blog\\\/sikerterv-oriflame\\\/#breadcrumb\",\"itemListElement\":[{\"@type\":\"ListItem\",\"position\":1,\"name\":\"Home\",\"item\":\"https:\\\/\\\/anioriteam.hu\\\/blog\\\/\"},{\"@type\":\"ListItem\",\"position\":2,\"name\":\"Sikerterv Oriflame\"}]},{\"@type\":\"WebSite\",\"@id\":\"https:\\\/\\\/anioriteam.hu\\\/blog\\\/#website\",\"url\":\"https:\\\/\\\/anioriteam.hu\\\/blog\\\/\",\"name\":\"Oriflame Blog\",\"description\":\"Fedezd fel az Aniori Team Oriflame blogj\u00e1t! Sz\u00e9ps\u00e9gtippek, term\u00e9kaj\u00e1nl\u00f3k, \u00fajdons\u00e1gok \u00e9s hasznos tan\u00e1csok az Oriflame vil\u00e1g\u00e1b\u00f3l - hiteles forr\u00e1sb\u00f3l  naprak\u00e9szen.\",\"publisher\":{\"@id\":\"https:\\\/\\\/anioriteam.hu\\\/blog\\\/#organization\"},\"potentialAction\":[{\"@type\":\"SearchAction\",\"target\":{\"@type\":\"EntryPoint\",\"urlTemplate\":\"https:\\\/\\\/anioriteam.hu\\\/blog\\\/?s={search_term_string}\"},\"query-input\":{\"@type\":\"PropertyValueSpecification\",\"valueRequired\":true,\"valueName\":\"search_term_string\"}}],\"inLanguage\":\"hu\"},{\"@type\":\"Organization\",\"@id\":\"https:\\\/\\\/anioriteam.hu\\\/blog\\\/#organization\",\"name\":\"Aniori Team\",\"url\":\"https:\\\/\\\/anioriteam.hu\\\/blog\\\/\",\"logo\":{\"@type\":\"ImageObject\",\"inLanguage\":\"hu\",\"@id\":\"https:\\\/\\\/anioriteam.hu\\\/blog\\\/#\\\/schema\\\/logo\\\/image\\\/\",\"url\":\"https:\\\/\\\/anioriteam.hu\\\/blog\\\/wp-content\\\/uploads\\\/2017\\\/12\\\/logo.png\",\"contentUrl\":\"https:\\\/\\\/anioriteam.hu\\\/blog\\\/wp-content\\\/uploads\\\/2017\\\/12\\\/logo.png\",\"width\":205,\"height\":100,\"caption\":\"Aniori Team\"},\"image\":{\"@id\":\"https:\\\/\\\/anioriteam.hu\\\/blog\\\/#\\\/schema\\\/logo\\\/image\\\/\"},\"sameAs\":[\"https:\\\/\\\/facebook.com\\\/aniori\",\"https:\\\/\\\/instagram.com\\\/anioribeauty\",\"https:\\\/\\\/pinterest.com\\\/anioribeauty\"]}]}<\/script>\n<!-- \/ Yoast SEO plugin. -->","yoast_head_json":{"title":"Sikerterv Oriflame - P\u00e9nzkereset \u00e9s \u00fczleti lehet\u0151s\u00e9g","description":"Sikerterv Oriflame - Az Oriflame p\u00e9nzkereseti rendszer\u00e9t a Sikerterv tartalmazza. Megmutatja pontosan, milyen lehet\u0151s\u00e9gekre tehet\u00fcnk szert.","robots":{"index":"index","follow":"follow","max-snippet":"max-snippet:-1","max-image-preview":"max-image-preview:large","max-video-preview":"max-video-preview:-1"},"canonical":"https:\/\/anioriteam.hu\/blog\/sikerterv-oriflame\/","og_locale":"hu_HU","og_type":"article","og_title":"Sikerterv Oriflame - P\u00e9nzkereset \u00e9s \u00fczleti lehet\u0151s\u00e9g","og_description":"Sikerterv Oriflame - Az Oriflame p\u00e9nzkereseti rendszer\u00e9t a Sikerterv tartalmazza. Megmutatja pontosan, milyen lehet\u0151s\u00e9gekre tehet\u00fcnk szert.","og_url":"https:\/\/anioriteam.hu\/blog\/sikerterv-oriflame\/","og_site_name":"Oriflame Blog - anioriteam.hu - sz\u00e9ps\u00e9g, inspir\u00e1ci\u00f3 \u00e9s tan\u00e1csok","article_publisher":"https:\/\/facebook.com\/aniori","article_modified_time":"2023-09-01T11:50:53+00:00","og_image":[{"width":640,"height":640,"url":"https:\/\/anioriteam.hu\/blog\/wp-content\/uploads\/2017\/12\/Oriflame-Siker-terv.jpg","type":"image\/jpeg"}],"twitter_card":"summary_large_image","twitter_misc":{"Becs\u00fclt olvas\u00e1si id\u0151":"1 perc"},"schema":{"@context":"https:\/\/schema.org","@graph":[{"@type":"WebPage","@id":"https:\/\/anioriteam.hu\/blog\/sikerterv-oriflame\/","url":"https:\/\/anioriteam.hu\/blog\/sikerterv-oriflame\/","name":"Sikerterv Oriflame - P\u00e9nzkereset \u00e9s \u00fczleti lehet\u0151s\u00e9g","isPartOf":{"@id":"https:\/\/anioriteam.hu\/blog\/#website"},"primaryImageOfPage":{"@id":"https:\/\/anioriteam.hu\/blog\/sikerterv-oriflame\/#primaryimage"},"image":{"@id":"https:\/\/anioriteam.hu\/blog\/sikerterv-oriflame\/#primaryimage"},"thumbnailUrl":"https:\/\/anioriteam.hu\/blog\/wp-content\/uploads\/2017\/12\/Oriflame-Siker-terv.jpg","datePublished":"2020-05-01T13:00:45+00:00","dateModified":"2023-09-01T11:50:53+00:00","description":"Sikerterv Oriflame - Az Oriflame p\u00e9nzkereseti rendszer\u00e9t a Sikerterv tartalmazza. Megmutatja pontosan, milyen lehet\u0151s\u00e9gekre tehet\u00fcnk szert.","breadcrumb":{"@id":"https:\/\/anioriteam.hu\/blog\/sikerterv-oriflame\/#breadcrumb"},"inLanguage":"hu","potentialAction":[{"@type":"ReadAction","target":["https:\/\/anioriteam.hu\/blog\/sikerterv-oriflame\/"]}]},{"@type":"ImageObject","inLanguage":"hu","@id":"https:\/\/anioriteam.hu\/blog\/sikerterv-oriflame\/#primaryimage","url":"https:\/\/anioriteam.hu\/blog\/wp-content\/uploads\/2017\/12\/Oriflame-Siker-terv.jpg","contentUrl":"https:\/\/anioriteam.hu\/blog\/wp-content\/uploads\/2017\/12\/Oriflame-Siker-terv.jpg","width":640,"height":640,"caption":"Sikerterv Oriflame"},{"@type":"BreadcrumbList","@id":"https:\/\/anioriteam.hu\/blog\/sikerterv-oriflame\/#breadcrumb","itemListElement":[{"@type":"ListItem","position":1,"name":"Home","item":"https:\/\/anioriteam.hu\/blog\/"},{"@type":"ListItem","position":2,"name":"Sikerterv Oriflame"}]},{"@type":"WebSite","@id":"https:\/\/anioriteam.hu\/blog\/#website","url":"https:\/\/anioriteam.hu\/blog\/","name":"Oriflame Blog","description":"Fedezd fel az Aniori Team Oriflame blogj\u00e1t! Sz\u00e9ps\u00e9gtippek, term\u00e9kaj\u00e1nl\u00f3k, \u00fajdons\u00e1gok \u00e9s hasznos tan\u00e1csok az Oriflame vil\u00e1g\u00e1b\u00f3l - hiteles forr\u00e1sb\u00f3l  naprak\u00e9szen.","publisher":{"@id":"https:\/\/anioriteam.hu\/blog\/#organization"},"potentialAction":[{"@type":"SearchAction","target":{"@type":"EntryPoint","urlTemplate":"https:\/\/anioriteam.hu\/blog\/?s={search_term_string}"},"query-input":{"@type":"PropertyValueSpecification","valueRequired":true,"valueName":"search_term_string"}}],"inLanguage":"hu"},{"@type":"Organization","@id":"https:\/\/anioriteam.hu\/blog\/#organization","name":"Aniori Team","url":"https:\/\/anioriteam.hu\/blog\/","logo":{"@type":"ImageObject","inLanguage":"hu","@id":"https:\/\/anioriteam.hu\/blog\/#\/schema\/logo\/image\/","url":"https:\/\/anioriteam.hu\/blog\/wp-content\/uploads\/2017\/12\/logo.png","contentUrl":"https:\/\/anioriteam.hu\/blog\/wp-content\/uploads\/2017\/12\/logo.png","width":205,"height":100,"caption":"Aniori Team"},"image":{"@id":"https:\/\/anioriteam.hu\/blog\/#\/schema\/logo\/image\/"},"sameAs":["https:\/\/facebook.com\/aniori","https:\/\/instagram.com\/anioribeauty","https:\/\/pinterest.com\/anioribeauty"]}]}},"_links":{"self":[{"href":"https:\/\/anioriteam.hu\/blog\/wp-json\/wp\/v2\/pages\/48","targetHints":{"allow":["GET"]}}],"collection":[{"href":"https:\/\/anioriteam.hu\/blog\/wp-json\/wp\/v2\/pages"}],"about":[{"href":"https:\/\/anioriteam.hu\/blog\/wp-json\/wp\/v2\/types\/page"}],"author":[{"embeddable":true,"href":"https:\/\/anioriteam.hu\/blog\/wp-json\/wp\/v2\/users\/1"}],"replies":[{"embeddable":true,"href":"https:\/\/anioriteam.hu\/blog\/wp-json\/wp\/v2\/comments?post=48"}],"version-history":[{"count":0,"href":"https:\/\/anioriteam.hu\/blog\/wp-json\/wp\/v2\/pages\/48\/revisions"}],"wp:featuredmedia":[{"embeddable":true,"href":"https:\/\/anioriteam.hu\/blog\/wp-json\/wp\/v2\/media\/254"}],"wp:attachment":[{"href":"https:\/\/anioriteam.hu\/blog\/wp-json\/wp\/v2\/media?parent=48"}],"curies":[{"name":"wp","href":"https:\/\/api.w.org\/{rel}","templated":true}]}}