{"id":2548,"date":"2021-04-22T16:11:28","date_gmt":"2021-04-22T14:11:28","guid":{"rendered":"https:\/\/anioriteam.hu\/blog\/?page_id=2548"},"modified":"2024-08-04T22:43:34","modified_gmt":"2024-08-04T20:43:34","slug":"adatkezeles","status":"publish","type":"page","link":"https:\/\/anioriteam.hu\/blog\/adatkezeles\/","title":{"rendered":"Adatkezel\u00e9s"},"content":{"rendered":"<p><strong><span style=\"font-size: 1rem;\">Adatkezel\u00e9si T\u00e1j\u00e9koztat\u00f3<\/span><\/strong><\/p>\n<p><strong><span style=\"font-size: 1rem;\">1. Bevezet\u00e9s<\/span><\/strong><\/p>\n<p><span style=\"font-size: 1rem;\">Az <\/span><a style=\"font-size: 1rem;\" href=\"http:\/\/anioriteam.hu\/\" target=\"_blank\" rel=\"noopener\" data-saferedirecturl=\"https:\/\/www.google.com\/url?q=http:\/\/anioriteam.hu&amp;source=gmail&amp;ust=1722886277607000&amp;usg=AOvVaw3d_lnS7rSGmUQW6uKJLrGB\">anioriteam.hu<\/a><span style=\"font-size: 1rem;\">\u00a0(a tov\u00e1bbiakban: \u201eWeboldal\u201d) elk\u00f6telezett az \u00d6n szem\u00e9lyes adatainak v\u00e9delme ir\u00e1nt. Jelen adatkezel\u00e9si t\u00e1j\u00e9koztat\u00f3 c\u00e9lja, hogy t\u00e1j\u00e9koztassuk \u00d6nt arr\u00f3l, hogyan kezelj\u00fck az \u00d6n szem\u00e9lyes adatait.<\/span><\/p>\n<p><strong><span style=\"font-size: 1rem;\">2. Az Adatkezel\u0151<\/span><\/strong><\/p>\n<p><span style=\"font-size: 1rem;\">Az adatkezel\u0151 a Weboldal \u00fczemeltet\u0151je: <\/span><\/p>\n<ul>\n<li style=\"list-style-type: none;\">\n<ul>\n<li><span style=\"font-size: 1rem;\">N\u00e9v: Aniori Team Kft. <\/span><\/li>\n<li><span style=\"font-size: 1rem;\">Sz\u00e9khelyszolg\u00e1ltat\u00f3: 2724 \u00dajlengyel, Pet\u0151fi S\u00e1ndor u. 48.<\/span><\/li>\n<li><span style=\"font-size: 1rem;\">E-mail: ori.flame(kukac)anioriteam.hu<\/span><\/li>\n<li>Ad\u00f3sz\u00e1m: 25131631-1-13<\/li>\n<\/ul>\n<\/li>\n<\/ul>\n<p><strong><span style=\"font-size: 1rem;\">3. Kezelt adatok k\u00f6re<\/span><\/strong><\/p>\n<p><span style=\"font-size: 1rem;\">Az \u00e1ltalunk kezelt szem\u00e9lyes adatok a k\u00f6vetkez\u0151k lehetnek:<\/span><\/p>\n<ul>\n<li style=\"list-style-type: none;\">\n<ul>\n<li><span style=\"font-size: 1rem;\">N\u00e9v \u00e9s kapcsolattart\u00e1si adatok: n\u00e9v, e-mail c\u00edm.<\/span><\/li>\n<li><span style=\"font-size: 1rem;\">Weboldal haszn\u00e1lat\u00e1val kapcsolatos adatok: IP c\u00edm, b\u00f6ng\u00e9sz\u0151 t\u00edpusa, l\u00e1togat\u00e1s id\u0151pontja \u00e9s id\u0151tartama.<\/span><\/li>\n<li><span style=\"font-size: 1rem;\">H\u00edrlev\u00e9l feliratkoz\u00e1s: n\u00e9v, e-mail c\u00edm.<\/span><\/li>\n<\/ul>\n<\/li>\n<\/ul>\n<p><strong><span style=\"font-size: 1rem;\">4. Az adatkezel\u00e9s c\u00e9ljai \u00e9s jogalapja<\/span><\/strong><\/p>\n<p><span style=\"font-size: 1rem;\">Az adatkezel\u00e9s c\u00e9ljai:<\/span><\/p>\n<ul>\n<li style=\"list-style-type: none;\">\n<ul>\n<li><span style=\"font-size: 1rem;\">Kapcsolattart\u00e1s: Az \u00d6nnel val\u00f3 kommunik\u00e1ci\u00f3 biztos\u00edt\u00e1sa.<\/span><\/li>\n<li><span style=\"font-size: 1rem;\">Szolg\u00e1ltat\u00e1s ny\u00fajt\u00e1sa: Az \u00d6n \u00e1ltal ig\u00e9nybe vett szolg\u00e1ltat\u00e1sok biztos\u00edt\u00e1sa \u00e9s fejleszt\u00e9se.<\/span><\/li>\n<li><span style=\"font-size: 1rem;\">Marketing: H\u00edrlevelek \u00e9s prom\u00f3ci\u00f3s anyagok k\u00fcld\u00e9se, ha ehhez el\u0151zetesen hozz\u00e1j\u00e1rult.<\/span><\/li>\n<\/ul>\n<\/li>\n<\/ul>\n<p><span style=\"font-size: 1rem;\">Az adatkezel\u00e9s jogalapjai:<\/span><\/p>\n<ul>\n<li style=\"list-style-type: none;\">\n<ul>\n<li><span style=\"font-size: 1rem;\">Hozz\u00e1j\u00e1rul\u00e1s: Az \u00d6n hozz\u00e1j\u00e1rul\u00e1sa alapj\u00e1n t\u00f6rt\u00e9n\u0151 adatkezel\u00e9s (pl. h\u00edrlev\u00e9l).<\/span><\/li>\n<li><span style=\"font-size: 1rem;\">Szerz\u0151d\u00e9s teljes\u00edt\u00e9se: A szerz\u0151d\u00e9s teljes\u00edt\u00e9s\u00e9hez sz\u00fcks\u00e9ges adatkezel\u00e9s (pl. szolg\u00e1ltat\u00e1s ny\u00fajt\u00e1sa).<\/span><\/li>\n<li><span style=\"font-size: 1rem;\">Jogi k\u00f6telezetts\u00e9g: Jogi k\u00f6telezetts\u00e9g teljes\u00edt\u00e9se (pl. sz\u00e1ml\u00e1z\u00e1s).<\/span><\/li>\n<\/ul>\n<\/li>\n<\/ul>\n<p><strong><span style=\"font-size: 1rem;\">5. Adatfeldolgoz\u00f3k \u00e9s adat\u00e1tad\u00e1s<\/span><\/strong><\/p>\n<p><span style=\"font-size: 1rem;\">Az \u00d6n szem\u00e9lyes adatait az al\u00e1bbi adatfeldolgoz\u00f3k sz\u00e1m\u00e1ra tov\u00e1bb\u00edthatjuk:<\/span><\/p>\n<ul>\n<li><span style=\"font-size: 1rem;\">H\u00edrlev\u00e9l szolg\u00e1ltat\u00f3: Sales Autopilot Kft. &#8211; t\u00e1rhelysz: Amazon Web Services Inc<\/span><\/li>\n<li class=\"adn ads\" data-message-id=\"#msg-a:r3155867957326288946\" data-legacy-message-id=\"1911edec5596dc75\">\n<div class=\"gs\">\n<div class=\"\">\n<div id=\":32c\" class=\"ii gt\">\n<div id=\":32d\" class=\"a3s aiL \">\n<div dir=\"auto\"><span style=\"font-size: 1rem;\">T\u00e1rhelyszolg\u00e1ltat\u00f3: Hostit.hu &#8211; 23VNET Kft Sz\u00e9khely: 1094 Budapest, Liliom u. 24-26. II\/5. Iroda: 1132 Budapest, Victor Hugo u. 18-22\u00a0<\/span><\/div>\n<div dir=\"auto\"><\/div>\n<div dir=\"auto\"><span style=\"font-size: 1rem;\">Az adatfeldolgoz\u00f3k szigor\u00fa adatv\u00e9delmi szab\u00e1lyok szerint j\u00e1rnak el, \u00e9s kiz\u00e1r\u00f3lag a megadott c\u00e9lok \u00e9rdek\u00e9ben kezelik az adatokat.<\/span><\/div>\n<\/div>\n<\/div>\n<\/div>\n<\/div>\n<\/li>\n<\/ul>\n<p><strong><span style=\"font-size: 1rem;\">6. Az adatok t\u00e1rol\u00e1s\u00e1nak id\u0151tartama<\/span><\/strong><\/p>\n<p><span style=\"font-size: 1rem;\">Az \u00d6n szem\u00e9lyes adatait a jogszab\u00e1lyi k\u00f6telezetts\u00e9gek \u00e9s az adatkezel\u00e9si c\u00e9lok teljes\u00fcl\u00e9s\u00e9ig t\u00e1roljuk. A h\u00edrlev\u00e9l feliratkoz\u00e1shoz megadott adatokat a hozz\u00e1j\u00e1rul\u00e1s visszavon\u00e1s\u00e1ig t\u00e1roljuk.<\/span><\/p>\n<p><strong><span style=\"font-size: 1rem;\">7. Az \u00d6n jogai<\/span><\/strong><\/p>\n<p><span style=\"font-size: 1rem;\">\u00d6nt az al\u00e1bbi jogok illetik meg szem\u00e9lyes adatainak kezel\u00e9se kapcs\u00e1n:<\/span><\/p>\n<ul>\n<li style=\"list-style-type: none;\">\n<ul>\n<li><span style=\"font-size: 1rem;\">Hozz\u00e1f\u00e9r\u00e9si jog: T\u00e1j\u00e9koztat\u00e1st k\u00e9rhet az \u00e1ltalunk kezelt szem\u00e9lyes adatair\u00f3l.<\/span><\/li>\n<li><span style=\"font-size: 1rem;\">Helyesb\u00edt\u00e9si jog: K\u00e9rheti a pontatlan adatok helyesb\u00edt\u00e9s\u00e9t.<\/span><\/li>\n<li><span style=\"font-size: 1rem;\">T\u00f6rl\u00e9si jog: K\u00e9rheti adatainak t\u00f6rl\u00e9s\u00e9t.<\/span><\/li>\n<li><span style=\"font-size: 1rem;\">Adatkezel\u00e9s korl\u00e1toz\u00e1sa: K\u00e9rheti adatainak kezel\u00e9s\u00e9nek korl\u00e1toz\u00e1s\u00e1t<\/span><\/li>\n<li><span style=\"font-size: 1rem;\">Adathordozhat\u00f3s\u00e1ghoz val\u00f3 jog: K\u00e9rheti adatai hordozhat\u00f3 form\u00e1tumban t\u00f6rt\u00e9n\u0151 kiad\u00e1s\u00e1t.<\/span><\/li>\n<\/ul>\n<\/li>\n<\/ul>\n<p><strong><span style=\"font-size: 1rem;\">8. Kapcsolatfelv\u00e9tel<\/span><\/strong><\/p>\n<p><span style=\"font-size: 1rem;\">Ha k\u00e9rd\u00e9se van az adatkezel\u00e9ssel kapcsolatban, vagy \u00e9lni k\u00edv\u00e1n jogaival, vegye fel vel\u00fcnk a kapcsolatot az al\u00e1bbi el\u00e9rhet\u0151s\u00e9geken:<\/span><\/p>\n<p><span style=\"font-size: 1rem;\">Kapcsolattart\u00f3: Gyura Anik\u00f3;\u00a0 <\/span><span style=\"font-size: 1rem;\">E-mail: ori.flame(kukac)anioriteam.hu<\/span><\/p>\n<p><strong><span style=\"font-size: 1rem;\">9. Jogorvoslati lehet\u0151s\u00e9gek<\/span><\/strong><\/p>\n<p><span style=\"font-size: 1rem;\">Amennyiben \u00fagy \u00e9rzi, hogy megs\u00e9rtett\u00fck az adatv\u00e9delmi jogait, panaszt ny\u00fajthat be a Nemzeti Adatv\u00e9delmi \u00e9s Inform\u00e1ci\u00f3szabads\u00e1g Hat\u00f3s\u00e1gn\u00e1l:<\/span><\/p>\n<p><span style=\"font-size: 1rem;\">C\u00edm: 1125 Budapest, Szil\u00e1gyi Erzs\u00e9bet fasor 22\/c.<\/span><\/p>\n<p><span style=\"font-size: 1rem;\">E-mail: ugyfelszolgalat@naih.<\/span><wbr style=\"font-size: 1rem;\" \/><span style=\"font-size: 1rem;\">hu<\/span><\/p>\n<p><span style=\"font-size: 1rem;\">Weboldal: www.naih.hu<\/span><\/p>\n<p>&nbsp;<\/p>\n<div class=\"gs\">\n<div class=\"\">\n<div id=\":32c\" class=\"ii gt\">\n<div id=\":32d\" class=\"a3s aiL \"><\/div>\n<\/div>\n<\/div>\n<\/div>\n","protected":false},"excerpt":{"rendered":"<p>Adatkezel\u00e9si T\u00e1j\u00e9koztat\u00f3 1. Bevezet\u00e9s Az anioriteam.hu\u00a0(a tov\u00e1bbiakban: \u201eWeboldal\u201d) elk\u00f6telezett az \u00d6n szem\u00e9lyes adatainak v\u00e9delme ir\u00e1nt. Jelen adatkezel\u00e9si t\u00e1j\u00e9koztat\u00f3 c\u00e9lja, hogy t\u00e1j\u00e9koztassuk \u00d6nt arr\u00f3l, hogyan kezelj\u00fck az \u00d6n szem\u00e9lyes adatait. 2. Az Adatkezel\u0151 Az adatkezel\u0151 a Weboldal \u00fczemeltet\u0151je: N\u00e9v: Aniori Team Kft. Sz\u00e9khelyszolg\u00e1ltat\u00f3: 2724 \u00dajlengyel, Pet\u0151fi S\u00e1ndor u. 48. E-mail: ori.flame(kukac)anioriteam.hu Ad\u00f3sz\u00e1m: 25131631-1-13 3. Kezelt adatok &hellip; <\/p>\n<p class=\"link-more\"><a href=\"https:\/\/anioriteam.hu\/blog\/adatkezeles\/\" class=\"more-link\"><span class=\"screen-reader-text\">&#8222;Adatkezel\u00e9s&#8221;<\/span> b\u0151vebben<\/a><\/p>\n","protected":false},"author":1,"featured_media":0,"parent":0,"menu_order":0,"comment_status":"closed","ping_status":"closed","template":"","meta":{"footnotes":""},"class_list":["post-2548","page","type-page","status-publish","hentry"],"yoast_head":"<!-- This site is optimized with the Yoast SEO plugin v27.4 - https:\/\/yoast.com\/product\/yoast-seo-wordpress\/ -->\n<title>Adatkezel\u00e9s - anioriteam.hu<\/title>\n<meta name=\"robots\" content=\"noindex, nofollow\" \/>\n<meta property=\"og:locale\" content=\"hu_HU\" \/>\n<meta property=\"og:type\" content=\"article\" \/>\n<meta property=\"og:title\" content=\"Adatkezel\u00e9s - anioriteam.hu\" \/>\n<meta property=\"og:description\" content=\"Adatkezel\u00e9si T\u00e1j\u00e9koztat\u00f3 1. Bevezet\u00e9s Az anioriteam.hu\u00a0(a tov\u00e1bbiakban: \u201eWeboldal\u201d) elk\u00f6telezett az \u00d6n szem\u00e9lyes adatainak v\u00e9delme ir\u00e1nt. Jelen adatkezel\u00e9si t\u00e1j\u00e9koztat\u00f3 c\u00e9lja, hogy t\u00e1j\u00e9koztassuk \u00d6nt arr\u00f3l, hogyan kezelj\u00fck az \u00d6n szem\u00e9lyes adatait. 2. Az Adatkezel\u0151 Az adatkezel\u0151 a Weboldal \u00fczemeltet\u0151je: N\u00e9v: Aniori Team Kft. Sz\u00e9khelyszolg\u00e1ltat\u00f3: 2724 \u00dajlengyel, Pet\u0151fi S\u00e1ndor u. 48. E-mail: ori.flame(kukac)anioriteam.hu Ad\u00f3sz\u00e1m: 25131631-1-13 3. Kezelt adatok &hellip; &quot;Adatkezel\u00e9s&quot; b\u0151vebben\" \/>\n<meta property=\"og:url\" content=\"https:\/\/anioriteam.hu\/blog\/adatkezeles\/\" \/>\n<meta property=\"og:site_name\" content=\"Oriflame Blog - anioriteam.hu - sz\u00e9ps\u00e9g, inspir\u00e1ci\u00f3 \u00e9s tan\u00e1csok\" \/>\n<meta property=\"article:publisher\" content=\"https:\/\/facebook.com\/aniori\" \/>\n<meta property=\"article:modified_time\" content=\"2024-08-04T20:43:34+00:00\" \/>\n<meta name=\"twitter:card\" content=\"summary_large_image\" \/>\n<meta name=\"twitter:label1\" content=\"Becs\u00fclt olvas\u00e1si id\u0151\" \/>\n\t<meta name=\"twitter:data1\" content=\"2 perc\" \/>\n<script type=\"application\/ld+json\" class=\"yoast-schema-graph\">{\"@context\":\"https:\\\/\\\/schema.org\",\"@graph\":[{\"@type\":\"WebPage\",\"@id\":\"https:\\\/\\\/anioriteam.hu\\\/blog\\\/adatkezeles\\\/\",\"url\":\"https:\\\/\\\/anioriteam.hu\\\/blog\\\/adatkezeles\\\/\",\"name\":\"Adatkezel\u00e9s - anioriteam.hu\",\"isPartOf\":{\"@id\":\"https:\\\/\\\/anioriteam.hu\\\/blog\\\/#website\"},\"datePublished\":\"2021-04-22T14:11:28+00:00\",\"dateModified\":\"2024-08-04T20:43:34+00:00\",\"breadcrumb\":{\"@id\":\"https:\\\/\\\/anioriteam.hu\\\/blog\\\/adatkezeles\\\/#breadcrumb\"},\"inLanguage\":\"hu\",\"potentialAction\":[{\"@type\":\"ReadAction\",\"target\":[\"https:\\\/\\\/anioriteam.hu\\\/blog\\\/adatkezeles\\\/\"]}]},{\"@type\":\"BreadcrumbList\",\"@id\":\"https:\\\/\\\/anioriteam.hu\\\/blog\\\/adatkezeles\\\/#breadcrumb\",\"itemListElement\":[{\"@type\":\"ListItem\",\"position\":1,\"name\":\"Home\",\"item\":\"https:\\\/\\\/anioriteam.hu\\\/blog\\\/\"},{\"@type\":\"ListItem\",\"position\":2,\"name\":\"Adatkezel\u00e9s\"}]},{\"@type\":\"WebSite\",\"@id\":\"https:\\\/\\\/anioriteam.hu\\\/blog\\\/#website\",\"url\":\"https:\\\/\\\/anioriteam.hu\\\/blog\\\/\",\"name\":\"Oriflame Blog\",\"description\":\"Fedezd fel az Aniori Team Oriflame blogj\u00e1t! Sz\u00e9ps\u00e9gtippek, term\u00e9kaj\u00e1nl\u00f3k, \u00fajdons\u00e1gok \u00e9s hasznos tan\u00e1csok az Oriflame vil\u00e1g\u00e1b\u00f3l - hiteles forr\u00e1sb\u00f3l  naprak\u00e9szen.\",\"publisher\":{\"@id\":\"https:\\\/\\\/anioriteam.hu\\\/blog\\\/#organization\"},\"potentialAction\":[{\"@type\":\"SearchAction\",\"target\":{\"@type\":\"EntryPoint\",\"urlTemplate\":\"https:\\\/\\\/anioriteam.hu\\\/blog\\\/?s={search_term_string}\"},\"query-input\":{\"@type\":\"PropertyValueSpecification\",\"valueRequired\":true,\"valueName\":\"search_term_string\"}}],\"inLanguage\":\"hu\"},{\"@type\":\"Organization\",\"@id\":\"https:\\\/\\\/anioriteam.hu\\\/blog\\\/#organization\",\"name\":\"Aniori Team\",\"url\":\"https:\\\/\\\/anioriteam.hu\\\/blog\\\/\",\"logo\":{\"@type\":\"ImageObject\",\"inLanguage\":\"hu\",\"@id\":\"https:\\\/\\\/anioriteam.hu\\\/blog\\\/#\\\/schema\\\/logo\\\/image\\\/\",\"url\":\"https:\\\/\\\/anioriteam.hu\\\/blog\\\/wp-content\\\/uploads\\\/2017\\\/12\\\/logo.png\",\"contentUrl\":\"https:\\\/\\\/anioriteam.hu\\\/blog\\\/wp-content\\\/uploads\\\/2017\\\/12\\\/logo.png\",\"width\":205,\"height\":100,\"caption\":\"Aniori Team\"},\"image\":{\"@id\":\"https:\\\/\\\/anioriteam.hu\\\/blog\\\/#\\\/schema\\\/logo\\\/image\\\/\"},\"sameAs\":[\"https:\\\/\\\/facebook.com\\\/aniori\",\"https:\\\/\\\/instagram.com\\\/anioribeauty\",\"https:\\\/\\\/pinterest.com\\\/anioribeauty\"]}]}<\/script>\n<!-- \/ Yoast SEO plugin. -->","yoast_head_json":{"title":"Adatkezel\u00e9s - anioriteam.hu","robots":{"index":"noindex","follow":"nofollow"},"og_locale":"hu_HU","og_type":"article","og_title":"Adatkezel\u00e9s - anioriteam.hu","og_description":"Adatkezel\u00e9si T\u00e1j\u00e9koztat\u00f3 1. Bevezet\u00e9s Az anioriteam.hu\u00a0(a tov\u00e1bbiakban: \u201eWeboldal\u201d) elk\u00f6telezett az \u00d6n szem\u00e9lyes adatainak v\u00e9delme ir\u00e1nt. Jelen adatkezel\u00e9si t\u00e1j\u00e9koztat\u00f3 c\u00e9lja, hogy t\u00e1j\u00e9koztassuk \u00d6nt arr\u00f3l, hogyan kezelj\u00fck az \u00d6n szem\u00e9lyes adatait. 2. Az Adatkezel\u0151 Az adatkezel\u0151 a Weboldal \u00fczemeltet\u0151je: N\u00e9v: Aniori Team Kft. Sz\u00e9khelyszolg\u00e1ltat\u00f3: 2724 \u00dajlengyel, Pet\u0151fi S\u00e1ndor u. 48. E-mail: ori.flame(kukac)anioriteam.hu Ad\u00f3sz\u00e1m: 25131631-1-13 3. Kezelt adatok &hellip; \"Adatkezel\u00e9s\" b\u0151vebben","og_url":"https:\/\/anioriteam.hu\/blog\/adatkezeles\/","og_site_name":"Oriflame Blog - anioriteam.hu - sz\u00e9ps\u00e9g, inspir\u00e1ci\u00f3 \u00e9s tan\u00e1csok","article_publisher":"https:\/\/facebook.com\/aniori","article_modified_time":"2024-08-04T20:43:34+00:00","twitter_card":"summary_large_image","twitter_misc":{"Becs\u00fclt olvas\u00e1si id\u0151":"2 perc"},"schema":{"@context":"https:\/\/schema.org","@graph":[{"@type":"WebPage","@id":"https:\/\/anioriteam.hu\/blog\/adatkezeles\/","url":"https:\/\/anioriteam.hu\/blog\/adatkezeles\/","name":"Adatkezel\u00e9s - anioriteam.hu","isPartOf":{"@id":"https:\/\/anioriteam.hu\/blog\/#website"},"datePublished":"2021-04-22T14:11:28+00:00","dateModified":"2024-08-04T20:43:34+00:00","breadcrumb":{"@id":"https:\/\/anioriteam.hu\/blog\/adatkezeles\/#breadcrumb"},"inLanguage":"hu","potentialAction":[{"@type":"ReadAction","target":["https:\/\/anioriteam.hu\/blog\/adatkezeles\/"]}]},{"@type":"BreadcrumbList","@id":"https:\/\/anioriteam.hu\/blog\/adatkezeles\/#breadcrumb","itemListElement":[{"@type":"ListItem","position":1,"name":"Home","item":"https:\/\/anioriteam.hu\/blog\/"},{"@type":"ListItem","position":2,"name":"Adatkezel\u00e9s"}]},{"@type":"WebSite","@id":"https:\/\/anioriteam.hu\/blog\/#website","url":"https:\/\/anioriteam.hu\/blog\/","name":"Oriflame Blog","description":"Fedezd fel az Aniori Team Oriflame blogj\u00e1t! Sz\u00e9ps\u00e9gtippek, term\u00e9kaj\u00e1nl\u00f3k, \u00fajdons\u00e1gok \u00e9s hasznos tan\u00e1csok az Oriflame vil\u00e1g\u00e1b\u00f3l - hiteles forr\u00e1sb\u00f3l  naprak\u00e9szen.","publisher":{"@id":"https:\/\/anioriteam.hu\/blog\/#organization"},"potentialAction":[{"@type":"SearchAction","target":{"@type":"EntryPoint","urlTemplate":"https:\/\/anioriteam.hu\/blog\/?s={search_term_string}"},"query-input":{"@type":"PropertyValueSpecification","valueRequired":true,"valueName":"search_term_string"}}],"inLanguage":"hu"},{"@type":"Organization","@id":"https:\/\/anioriteam.hu\/blog\/#organization","name":"Aniori Team","url":"https:\/\/anioriteam.hu\/blog\/","logo":{"@type":"ImageObject","inLanguage":"hu","@id":"https:\/\/anioriteam.hu\/blog\/#\/schema\/logo\/image\/","url":"https:\/\/anioriteam.hu\/blog\/wp-content\/uploads\/2017\/12\/logo.png","contentUrl":"https:\/\/anioriteam.hu\/blog\/wp-content\/uploads\/2017\/12\/logo.png","width":205,"height":100,"caption":"Aniori Team"},"image":{"@id":"https:\/\/anioriteam.hu\/blog\/#\/schema\/logo\/image\/"},"sameAs":["https:\/\/facebook.com\/aniori","https:\/\/instagram.com\/anioribeauty","https:\/\/pinterest.com\/anioribeauty"]}]}},"_links":{"self":[{"href":"https:\/\/anioriteam.hu\/blog\/wp-json\/wp\/v2\/pages\/2548","targetHints":{"allow":["GET"]}}],"collection":[{"href":"https:\/\/anioriteam.hu\/blog\/wp-json\/wp\/v2\/pages"}],"about":[{"href":"https:\/\/anioriteam.hu\/blog\/wp-json\/wp\/v2\/types\/page"}],"author":[{"embeddable":true,"href":"https:\/\/anioriteam.hu\/blog\/wp-json\/wp\/v2\/users\/1"}],"replies":[{"embeddable":true,"href":"https:\/\/anioriteam.hu\/blog\/wp-json\/wp\/v2\/comments?post=2548"}],"version-history":[{"count":0,"href":"https:\/\/anioriteam.hu\/blog\/wp-json\/wp\/v2\/pages\/2548\/revisions"}],"wp:attachment":[{"href":"https:\/\/anioriteam.hu\/blog\/wp-json\/wp\/v2\/media?parent=2548"}],"curies":[{"name":"wp","href":"https:\/\/api.w.org\/{rel}","templated":true}]}}